{"id":174,"date":"2019-01-26T22:48:33","date_gmt":"2019-01-27T00:48:33","guid":{"rendered":"http:\/\/ipasma.go.gov.br\/site\/?page_id=174"},"modified":"2021-12-22T11:24:03","modified_gmt":"2021-12-22T14:24:03","slug":"carteira-de-investimentos","status":"publish","type":"page","link":"http:\/\/ipasma.go.gov.br\/site\/carteira-de-investimentos\/","title":{"rendered":"Carteira de Investimentos"},"content":{"rendered":"\n<h2 class=\"wp-block-heading\"> Pol\u00edtica de Investimentos: <\/h2>\n\n\n\n<p><a rel=\"noreferrer noopener\" aria-label=\"Clique aqui (abre em uma nova aba)\" href=\"http:\/\/ipasma.go.gov.br\/site\/wp-content\/uploads\/2020\/12\/pol\u00edtica-investimentos-2021-assinada.pdf\" target=\"_blank\">Clique aqui<\/a> e veja a pol\u00edtica anual de investimentos 2021.<\/p>\n\n\n\n<p><\/p>\n\n\n\n<h2 class=\"wp-block-heading\">Veja a composi\u00e7\u00e3o da carteira de investimentos do IPASMA:<\/h2>\n\n\n\n<ul><li><a href=\"http:\/\/ipasma.go.gov.br\/site\/wp-content\/uploads\/2021\/12\/11-novembro-acreuna-2021-vi.pdf\">novembro\/2021<\/a><\/li><li><a href=\"http:\/\/ipasma.go.gov.br\/site\/wp-content\/uploads\/2021\/12\/10-outubro-acreuna-2021-vi.pdf\">outubro\/2021<\/a><\/li><li><a href=\"http:\/\/ipasma.go.gov.br\/site\/wp-content\/uploads\/2021\/12\/9-setembro-acreuna-2021-vi.pdf\">setembro\/2021<\/a><\/li><li><a href=\"http:\/\/ipasma.go.gov.br\/site\/wp-content\/uploads\/2021\/12\/8-agosto-acreuna-2021-vi.pdf\">agosto\/2021<\/a><\/li><li><a href=\"http:\/\/ipasma.go.gov.br\/site\/wp-content\/uploads\/2021\/08\/julho-2021.pdf\">julho\/2021<\/a><\/li><li><a href=\"http:\/\/ipasma.go.gov.br\/site\/wp-content\/uploads\/2021\/08\/junho-2021.pdf\">junho\/2021<\/a><\/li><li> <a rel=\"noreferrer noopener\" href=\"http:\/\/ipasma.go.gov.br\/site\/wp-content\/uploads\/2021\/06\/maio-2021.pdf\" target=\"_blank\">maio\/2021<\/a><\/li><li><a rel=\"noreferrer noopener\" href=\"http:\/\/ipasma.go.gov.br\/site\/wp-content\/uploads\/2021\/06\/abril-2021.pdf\" target=\"_blank\">abril\/2021<\/a><\/li><li><a href=\"http:\/\/ipasma.go.gov.br\/site\/wp-content\/uploads\/2021\/04\/3-marco-acreuna-2021-vi.pdf\">mar\u00e7o\/2021<\/a><\/li><li><a href=\"http:\/\/ipasma.go.gov.br\/site\/wp-content\/uploads\/2021\/04\/2-fevereiro-acreuna-2021vi-1.pdf\">fevereiro\/2021<\/a><\/li><li><a href=\"http:\/\/ipasma.go.gov.br\/site\/wp-content\/uploads\/2021\/04\/1-janeiro-acreuna-2021vi-1.pdf\">janeiro\/2021<\/a> <\/li><\/ul>\n","protected":false},"excerpt":{"rendered":"<p>Pol\u00edtica de Investimentos: Clique aqui e veja a pol\u00edtica anual de investimentos 2021. Veja a composi\u00e7\u00e3o da carteira de investimentos do IPASMA: novembro\/2021 outubro\/2021 setembro\/2021 agosto\/2021 julho\/2021 junho\/2021 maio\/2021 abril\/2021 mar\u00e7o\/2021 fevereiro\/2021 janeiro\/2021<\/p>\n","protected":false},"author":1,"featured_media":177,"parent":0,"menu_order":0,"comment_status":"closed","ping_status":"closed","template":"","meta":{"footnotes":""},"_links":{"self":[{"href":"http:\/\/ipasma.go.gov.br\/site\/wp-json\/wp\/v2\/pages\/174"}],"collection":[{"href":"http:\/\/ipasma.go.gov.br\/site\/wp-json\/wp\/v2\/pages"}],"about":[{"href":"http:\/\/ipasma.go.gov.br\/site\/wp-json\/wp\/v2\/types\/page"}],"author":[{"embeddable":true,"href":"http:\/\/ipasma.go.gov.br\/site\/wp-json\/wp\/v2\/users\/1"}],"replies":[{"embeddable":true,"href":"http:\/\/ipasma.go.gov.br\/site\/wp-json\/wp\/v2\/comments?post=174"}],"version-history":[{"count":35,"href":"http:\/\/ipasma.go.gov.br\/site\/wp-json\/wp\/v2\/pages\/174\/revisions"}],"predecessor-version":[{"id":1395,"href":"http:\/\/ipasma.go.gov.br\/site\/wp-json\/wp\/v2\/pages\/174\/revisions\/1395"}],"wp:featuredmedia":[{"embeddable":true,"href":"http:\/\/ipasma.go.gov.br\/site\/wp-json\/wp\/v2\/media\/177"}],"wp:attachment":[{"href":"http:\/\/ipasma.go.gov.br\/site\/wp-json\/wp\/v2\/media?parent=174"}],"curies":[{"name":"wp","href":"https:\/\/api.w.org\/{rel}","templated":true}]}}