{"id":263,"date":"2019-01-27T14:19:00","date_gmt":"2019-01-27T16:19:00","guid":{"rendered":"http:\/\/ipasma.go.gov.br\/site\/?page_id=263"},"modified":"2026-02-13T16:49:54","modified_gmt":"2026-02-13T19:49:54","slug":"calculo-atuarial","status":"publish","type":"page","link":"http:\/\/ipasma.go.gov.br\/site\/calculo-atuarial\/","title":{"rendered":"C\u00e1lculo atuarial"},"content":{"rendered":"\n<h2 class=\"wp-block-heading\">O que \u00e9 c\u00e1lculo atuarial?<\/h2>\n\n\n\n<p class=\"has-text-align-left\">O c\u00e1lculo atuarial \u00e9 um m\u00e9todo matem\u00e1tico que utiliza conceitos financeiros, econ\u00f4micos e probabil\u00edsticos para determinar o montante de recursos e de contribui\u00e7\u00f5es necess\u00e1rias ao pagamento de despesas administrativas e benef\u00edcios futuros, como aposentadorias e pens\u00f5es a serem concedidas, no presente e no futuro. <\/p>\n\n\n\n<hr class=\"wp-block-separator has-css-opacity\"\/>\n\n\n\n<h2 class=\"wp-block-heading\">Veja os c\u00e1lculos:<\/h2>\n\n\n\n<ul>\n<li><a href=\"https:\/\/ipasma.go.gov.br\/site\/wp-content\/uploads\/2026\/02\/Relatorio-de-Avaliacao-Atuarial-2025_Acreuna_GO_n0099_ASSINADO.pdf\">C\u00e1lculo atuarial de 2025<\/a><\/li>\n\n\n\n<li><a href=\"https:\/\/ipasma.go.gov.br\/site\/wp-content\/uploads\/2026\/02\/Relatorio-de-Avaliacao-Atuarial-2024_Acreuna_GO_n0037_V1_ASSINADO.pdf\">C\u00e1lculo atuarial de 2024<\/a><\/li>\n\n\n\n<li><a aria-label=\"C\u00e1lculo atuarial de 2023 (abre em uma nova aba)\" href=\"http:\/\/ipasma.go.gov.br\/site\/wp-content\/uploads\/2023\/06\/Avaliacao_Atuarial-2023-Acreuna.pdf\" target=\"_blank\" rel=\"noreferrer noopener\">C\u00e1lculo atuarial de 2023<\/a><\/li>\n\n\n\n<li><a href=\"http:\/\/ipasma.go.gov.br\/site\/wp-content\/uploads\/2022\/09\/Avalia%C3%A7%C3%A3o-Atuarial-2022-Acre%C3%BAna.pdf\">C\u00e1lculo atuarial de 2022<\/a><\/li>\n\n\n\n<li><a href=\"http:\/\/ipasma.go.gov.br\/site\/wp-content\/uploads\/2021\/04\/Avalia%C3%A7%C3%A3o-Atuarial-2021-Acre%C3%BAna.pdf\">C\u00e1lculo atuarial de 2021<\/a> <\/li>\n\n\n\n<li><a href=\"http:\/\/ipasma.go.gov.br\/site\/wp-content\/uploads\/2020\/07\/calculo-atuarial-2020.pdf\" target=\"_blank\" rel=\"noreferrer noopener\">C\u00e1lculo atuarial de 2020<\/a> <\/li>\n\n\n\n<li><a href=\"http:\/\/ipasma.go.gov.br\/site\/wp-content\/uploads\/2019\/05\/calculo-atuarial-2019.pdf\" target=\"_blank\" rel=\"noreferrer noopener\">C\u00e1lculo atuarial de 2019<\/a> <\/li>\n\n\n\n<li><a href=\"http:\/\/ipasma.go.gov.br\/site\/wp-content\/uploads\/2019\/01\/calculo-atuarial-2018.pdf\" target=\"_blank\" rel=\"noreferrer noopener\">C\u00e1lculo atuarial de 2018<\/a> <\/li>\n\n\n\n<li><a href=\"http:\/\/ipasma.go.gov.br\/site\/wp-content\/uploads\/2019\/01\/calculo-atuarial-2017.pdf\" target=\"_blank\" rel=\"noreferrer noopener\">C\u00e1lculo atuarial de 2017<\/a> <\/li>\n\n\n\n<li><a aria-label=\"C\u00e1lculo atuarial de 2016 (abre em uma nova aba)\" href=\"http:\/\/ipasma.go.gov.br\/site\/wp-content\/uploads\/2019\/01\/calculo-atuarial-2016.pdf\" target=\"_blank\" rel=\"noreferrer noopener\">C\u00e1lculo atuarial de 2016<\/a><\/li>\n<\/ul>\n\n\n\n<p><\/p>\n","protected":false},"excerpt":{"rendered":"<p>O que \u00e9 c\u00e1lculo atuarial? O c\u00e1lculo atuarial \u00e9 um m\u00e9todo matem\u00e1tico que utiliza conceitos financeiros, econ\u00f4micos e probabil\u00edsticos para determinar o montante de recursos e de contribui\u00e7\u00f5es necess\u00e1rias ao pagamento de despesas administrativas e benef\u00edcios futuros, como aposentadorias e pens\u00f5es a serem concedidas, no presente e no futuro. Veja os c\u00e1lculos:<\/p>\n","protected":false},"author":1,"featured_media":0,"parent":0,"menu_order":0,"comment_status":"closed","ping_status":"closed","template":"","meta":{"footnotes":""},"_links":{"self":[{"href":"http:\/\/ipasma.go.gov.br\/site\/wp-json\/wp\/v2\/pages\/263"}],"collection":[{"href":"http:\/\/ipasma.go.gov.br\/site\/wp-json\/wp\/v2\/pages"}],"about":[{"href":"http:\/\/ipasma.go.gov.br\/site\/wp-json\/wp\/v2\/types\/page"}],"author":[{"embeddable":true,"href":"http:\/\/ipasma.go.gov.br\/site\/wp-json\/wp\/v2\/users\/1"}],"replies":[{"embeddable":true,"href":"http:\/\/ipasma.go.gov.br\/site\/wp-json\/wp\/v2\/comments?post=263"}],"version-history":[{"count":10,"href":"http:\/\/ipasma.go.gov.br\/site\/wp-json\/wp\/v2\/pages\/263\/revisions"}],"predecessor-version":[{"id":2293,"href":"http:\/\/ipasma.go.gov.br\/site\/wp-json\/wp\/v2\/pages\/263\/revisions\/2293"}],"wp:attachment":[{"href":"http:\/\/ipasma.go.gov.br\/site\/wp-json\/wp\/v2\/media?parent=263"}],"curies":[{"name":"wp","href":"https:\/\/api.w.org\/{rel}","templated":true}]}}