{"id":270,"date":"2019-01-27T14:25:41","date_gmt":"2019-01-27T16:25:41","guid":{"rendered":"http:\/\/ipasma.go.gov.br\/site\/?page_id=270"},"modified":"2021-01-12T18:16:34","modified_gmt":"2021-01-12T21:16:34","slug":"certidao-de-tempo-de-contribuicao","status":"publish","type":"page","link":"http:\/\/ipasma.go.gov.br\/site\/certidao-de-tempo-de-contribuicao\/","title":{"rendered":"Certid\u00e3o de Tempo de Contribui\u00e7\u00e3o"},"content":{"rendered":"\n<p><strong>O que \u00e9 Certid\u00e3o de Tempo de Contribui\u00e7\u00e3o e para que necessito dela?<\/strong><\/p>\n\n\n\n<p>A Certid\u00e3o de Tempo de Contribui\u00e7\u00e3o \u00e9 o documento h\u00e1bil para averbar o per\u00edodo trabalhado tanto no servi\u00e7o p\u00fablico quanto na iniciativa privada, nela cont\u00e9m a data de admiss\u00e3o e exonera\u00e7\u00e3o, motivos da exonera\u00e7\u00e3o, faltas, valor&nbsp; da contribui\u00e7\u00e3o previdenci\u00e1ria etc.<\/p>\n\n\n\n<p><strong>Como funciona a contagem de tempo na Certid\u00e3o de Contribui\u00e7\u00e3o?<\/strong><\/p>\n\n\n\n<p>Para fins previdenci\u00e1rios, ser\u00e1 computado o ano de 365 (trezentos e sessenta e cinco) dias um ano e 30 (trinta) dias o m\u00eas.<\/p>\n\n\n\n<p><strong>Em que lugar solicito a Certid\u00e3o de Contribui\u00e7\u00e3o? E o que necessito?<\/strong><\/p>\n\n\n\n<p>A solicita\u00e7\u00e3o pode ser feita no IPASMA.<\/p>\n\n\n\n<p><strong>E o que necessito para solicitar a Certid\u00e3o de Tempo de Contribui\u00e7\u00e3o?<\/strong><\/p>\n\n\n\n<p>\u00c9 necess\u00e1ria c\u00f3pia do RG, CPF, n\u00famero do PIS, Pasep ou NIT, e o local onde pretende averbar (INSS, GOIASPREV etc.)<\/p>\n\n\n\n<p><strong>Em caso de perda ou furto como devo proceder?<\/strong><\/p>\n\n\n\n<p>A Certid\u00e3o de Tempo de Contribui\u00e7\u00e3o \u00e9 um documento \u00fanico, s\u00f3 podendo ser substitu\u00edda com a devolu\u00e7\u00e3o da Certid\u00e3o antiga, ou em caso de furto e extravio, mediante boletim de ocorr\u00eancia policial.<\/p>\n","protected":false},"excerpt":{"rendered":"<p>O que \u00e9 Certid\u00e3o de Tempo de Contribui\u00e7\u00e3o e para que necessito dela? A Certid\u00e3o de Tempo de Contribui\u00e7\u00e3o \u00e9 o documento h\u00e1bil para averbar o per\u00edodo trabalhado tanto no servi\u00e7o p\u00fablico quanto na iniciativa privada, nela cont\u00e9m a data de admiss\u00e3o e exonera\u00e7\u00e3o, motivos da exonera\u00e7\u00e3o, faltas, valor&nbsp; da contribui\u00e7\u00e3o previdenci\u00e1ria etc. Como funciona [&hellip;]<\/p>\n","protected":false},"author":1,"featured_media":0,"parent":0,"menu_order":0,"comment_status":"closed","ping_status":"closed","template":"","meta":{"footnotes":""},"_links":{"self":[{"href":"http:\/\/ipasma.go.gov.br\/site\/wp-json\/wp\/v2\/pages\/270"}],"collection":[{"href":"http:\/\/ipasma.go.gov.br\/site\/wp-json\/wp\/v2\/pages"}],"about":[{"href":"http:\/\/ipasma.go.gov.br\/site\/wp-json\/wp\/v2\/types\/page"}],"author":[{"embeddable":true,"href":"http:\/\/ipasma.go.gov.br\/site\/wp-json\/wp\/v2\/users\/1"}],"replies":[{"embeddable":true,"href":"http:\/\/ipasma.go.gov.br\/site\/wp-json\/wp\/v2\/comments?post=270"}],"version-history":[{"count":4,"href":"http:\/\/ipasma.go.gov.br\/site\/wp-json\/wp\/v2\/pages\/270\/revisions"}],"predecessor-version":[{"id":897,"href":"http:\/\/ipasma.go.gov.br\/site\/wp-json\/wp\/v2\/pages\/270\/revisions\/897"}],"wp:attachment":[{"href":"http:\/\/ipasma.go.gov.br\/site\/wp-json\/wp\/v2\/media?parent=270"}],"curies":[{"name":"wp","href":"https:\/\/api.w.org\/{rel}","templated":true}]}}