{"id":30,"date":"2019-01-20T18:16:54","date_gmt":"2019-01-20T20:16:54","guid":{"rendered":"http:\/\/ipasma.go.gov.br\/web\/?page_id=30"},"modified":"2026-02-20T16:35:20","modified_gmt":"2026-02-20T19:35:20","slug":"estrutura-organizacional","status":"publish","type":"page","link":"http:\/\/ipasma.go.gov.br\/site\/estrutura-organizacional\/","title":{"rendered":"Estrutura organizacional"},"content":{"rendered":"\n<h2 class=\"wp-block-heading\">Diretoria administrativa<\/h2>\n\n\n\n<p class=\"has-small-font-size\">Ver<a href=\"https:\/\/ipasma.go.gov.br\/site\/wp-content\/uploads\/2025\/06\/Decreto-251-2025.pdf\" target=\"_blank\" rel=\"noreferrer noopener\"> decreto de nomea\u00e7\u00e3o<\/a><\/p>\n\n\n\n<div class=\"wp-block-media-text alignwide\" style=\"grid-template-columns:17% auto\"><figure class=\"wp-block-media-text__media\"><img loading=\"lazy\" decoding=\"async\" width=\"214\" height=\"250\" src=\"http:\/\/ipasma.go.gov.br\/site\/wp-content\/uploads\/2023\/06\/RICARDO.jpg\" alt=\"\" class=\"wp-image-1846 size-full\"\/><\/figure><div class=\"wp-block-media-text__content\">\n<p>RICARDO PEREIRA BRITO<\/p>\n<\/div><\/div>\n\n\n\n<hr class=\"wp-block-separator has-css-opacity\"\/>\n\n\n\n<h2 class=\"wp-block-heading\">Conselho Curador<\/h2>\n\n\n\n<p class=\"has-small-font-size\">Ver <a href=\"https:\/\/ipasma.go.gov.br\/site\/wp-content\/uploads\/2025\/04\/Decreto-150-2025-Nomeia-Conselhos-do-IPASMA.pdf\">decreto de nomea\u00e7\u00e3o<\/a> e <a href=\"http:\/\/ipasma.go.gov.br\/site\/wp-content\/uploads\/2026\/02\/Decreto-no044-2026.pdf\">altera\u00e7\u00e3o<\/a>.<\/p>\n\n\n\n<ul>\n<li>RONALDO FERREIRA RODRIGUES &#8211; presidente<\/li>\n\n\n\n<li>ARCENIA GERALDA DA SILVA MOURA &#8211; secret\u00e1ria<\/li>\n\n\n\n<li>LEONARDO MARCONI SIQUEIRA PONTES CAMPOS &#8211; membro<\/li>\n\n\n\n<li>LUDMILA BATISTA ALVES &#8211; membro<\/li>\n\n\n\n<li>MARLEI ARAUJO CASSIMIRO &#8211; membro<\/li>\n\n\n\n<li>RODRIGO JOS\u00c9 DA SILVA &#8211; membro<\/li>\n<\/ul>\n\n\n\n<h2 class=\"wp-block-heading\">Conselho Fiscal<\/h2>\n\n\n\n<p class=\"has-small-font-size\">Ver <a href=\"https:\/\/ipasma.go.gov.br\/site\/wp-content\/uploads\/2025\/04\/Decreto-150-2025-Nomeia-Conselhos-do-IPASMA.pdf\">decreto de nomea\u00e7\u00e3o.<\/a><\/p>\n\n\n\n<ul>\n<li>KELLY CRISTINA XAVIER &#8211; presidente<\/li>\n\n\n\n<li>LUDMILLA SOARES GALO &#8211; secret\u00e1ria<\/li>\n\n\n\n<li>HELLEN CRISTINA M. T. HIP\u00d3LITO CASTRO &#8211; membro<\/li>\n<\/ul>\n\n\n\n<h2 class=\"wp-block-heading\">Comit\u00ea de Investimentos<\/h2>\n\n\n\n<p class=\"has-small-font-size\">Ver <a href=\"http:\/\/ipasma.go.gov.br\/site\/wp-content\/uploads\/2021\/01\/Decreto-n039-2021-Nomeia-Comit%C3%AA-de-Investimentos.pdf\">decreto de nomea\u00e7\u00e3o<\/a>,&nbsp;<a aria-label=\"altera\u00e7\u00e3o. (abre em uma nova aba)\" href=\"http:\/\/ipasma.go.gov.br\/site\/wp-content\/uploads\/2021\/07\/decreto-280-2021.pdf\" target=\"_blank\" rel=\"noreferrer noopener\">1\u00aa altera\u00e7\u00e3o,<\/a> <a href=\"http:\/\/ipasma.go.gov.br\/site\/wp-content\/uploads\/2021\/12\/decreto-442-2021-altera-comite.pdf\">2\u00aa altera\u00e7\u00e3o<\/a>,&nbsp;<a href=\"http:\/\/teste\"><\/a><a href=\"http:\/\/ipasma.go.gov.br\/site\/wp-content\/uploads\/2023\/04\/Decreto-125-2023.pdf\">3\u00aa&nbsp;altera\u00e7\u00e3o<\/a>,  <a href=\"http:\/\/ipasma.go.gov.br\/site\/wp-content\/uploads\/2023\/11\/DECRETO-No-402-2023-NOMEACAO-DO-MEMBRO.pdf\" target=\"_blank\" rel=\"noreferrer noopener\">4\u00aa altera\u00e7\u00e3o<\/a> e <a href=\"https:\/\/ipasma.go.gov.br\/site\/wp-content\/uploads\/2025\/02\/Decreto039-2025.pdf\">5\u00aa altera\u00e7\u00e3o<\/a>.<\/p>\n\n\n\n<ul>\n<li>ANNA CARLA FERREIRA ZENHA &#8211; presidente<\/li>\n\n\n\n<li>ANNA PAULA SILVA ALVES &#8211; diretora financeira<\/li>\n\n\n\n<li>ALLEX MENDES BANDEIRA &#8211; secret\u00e1rio<\/li>\n<\/ul>\n\n\n\n<hr class=\"wp-block-separator has-css-opacity\"\/>\n\n\n\n<h2 class=\"wp-block-heading\">Diretoria Financeira e de Benef\u00edcios<\/h2>\n\n\n\n<p class=\"has-small-font-size\">Ver<a rel=\"noreferrer noopener\" aria-label=\" (abre em uma nova aba)\" href=\"http:\/\/ipasma.go.gov.br\/site\/wp-content\/uploads\/2021\/06\/Portaria-n\u00ba045-2021-Nomeia-Diretora-Finanaceira.pdf\" target=\"_blank\"> <\/a><a href=\"http:\/\/ipasma.go.gov.br\/site\/wp-content\/uploads\/2023\/06\/Portaria-n\u00ba041-2023-Nomeia-Diretor-de-Beneficio-e-Financeiro.pdf\" target=\"_blank\" rel=\"noreferrer noopener\" aria-label=\"portaria de nomea\u00e7\u00e3o (abre em uma nova aba)\">portaria de nomea\u00e7\u00e3o<\/a><\/p>\n\n\n\n<ul>\n<li>ANNA PAULA SILVA ALVES<\/li>\n<\/ul>\n","protected":false},"excerpt":{"rendered":"<p>Diretoria administrativa Ver decreto de nomea\u00e7\u00e3o RICARDO PEREIRA BRITO Conselho Curador Ver decreto de nomea\u00e7\u00e3o e altera\u00e7\u00e3o. Conselho Fiscal Ver decreto de nomea\u00e7\u00e3o. Comit\u00ea de Investimentos Ver decreto de nomea\u00e7\u00e3o,&nbsp;1\u00aa altera\u00e7\u00e3o, 2\u00aa altera\u00e7\u00e3o,&nbsp;3\u00aa&nbsp;altera\u00e7\u00e3o, 4\u00aa altera\u00e7\u00e3o e 5\u00aa altera\u00e7\u00e3o. Diretoria Financeira e de Benef\u00edcios Ver portaria de nomea\u00e7\u00e3o<\/p>\n","protected":false},"author":1,"featured_media":0,"parent":0,"menu_order":0,"comment_status":"closed","ping_status":"closed","template":"","meta":{"footnotes":""},"_links":{"self":[{"href":"http:\/\/ipasma.go.gov.br\/site\/wp-json\/wp\/v2\/pages\/30"}],"collection":[{"href":"http:\/\/ipasma.go.gov.br\/site\/wp-json\/wp\/v2\/pages"}],"about":[{"href":"http:\/\/ipasma.go.gov.br\/site\/wp-json\/wp\/v2\/types\/page"}],"author":[{"embeddable":true,"href":"http:\/\/ipasma.go.gov.br\/site\/wp-json\/wp\/v2\/users\/1"}],"replies":[{"embeddable":true,"href":"http:\/\/ipasma.go.gov.br\/site\/wp-json\/wp\/v2\/comments?post=30"}],"version-history":[{"count":89,"href":"http:\/\/ipasma.go.gov.br\/site\/wp-json\/wp\/v2\/pages\/30\/revisions"}],"predecessor-version":[{"id":2298,"href":"http:\/\/ipasma.go.gov.br\/site\/wp-json\/wp\/v2\/pages\/30\/revisions\/2298"}],"wp:attachment":[{"href":"http:\/\/ipasma.go.gov.br\/site\/wp-json\/wp\/v2\/media?parent=30"}],"curies":[{"name":"wp","href":"https:\/\/api.w.org\/{rel}","templated":true}]}}