{"id":36,"date":"2019-01-20T18:18:31","date_gmt":"2019-01-20T20:18:31","guid":{"rendered":"http:\/\/ipasma.go.gov.br\/web\/?page_id=36"},"modified":"2026-02-20T16:33:52","modified_gmt":"2026-02-20T19:33:52","slug":"legislacao-municipal","status":"publish","type":"page","link":"http:\/\/ipasma.go.gov.br\/site\/legislacao-municipal\/","title":{"rendered":"Legisla\u00e7\u00e3o municipal"},"content":{"rendered":"\n<h2 class=\"wp-block-heading\">Veja abaixo legisla\u00e7\u00e3o municipal pertinente ao IPASMA:<\/h2>\n\n\n\n<h4 class=\"wp-block-heading\">Regime de Previd\u00eancia Complementar<\/h4>\n\n\n\n<ul>\n<li><a rel=\"noreferrer noopener\" aria-label=\"Lei Complementar n\u00ba044\/2021 de 01\/07\/2021 (abre em uma nova aba)\" href=\"http:\/\/ipasma.go.gov.br\/site\/wp-content\/uploads\/2021\/11\/Lei-2021_2014-Institui-Regime-de-Previd\u00eancia-Complementar-no-\u00e2mbito-do-munic\u00edpio.pdf\" target=\"_blank\">Lei n\u00ba2014\/2021 de 09\/11\/2021<\/a><\/li>\n<\/ul>\n\n\n\n<h4 class=\"wp-block-heading\">Reforma da Previd\u00eancia (conf. EC 103\/2019)<\/h4>\n\n\n\n<ul>\n<li><a rel=\"noreferrer noopener\" aria-label=\"Emenda \u00e0 Lei Org\u00e2nica Municipal n\u00ba015\/2021 de 18\/06\/2021 (abre em uma nova aba)\" href=\"http:\/\/ipasma.go.gov.br\/site\/wp-content\/uploads\/2021\/07\/EMENDA-A-LEI-ORGANICA-N\u00b0015-202118-06-2021.pdf\" target=\"_blank\">Emenda \u00e0 Lei Org\u00e2nica Municipal n\u00ba015\/2021 de 18\/06\/2021<\/a><\/li>\n\n\n\n<li><a href=\"http:\/\/ipasma.go.gov.br\/site\/wp-content\/uploads\/2021\/07\/Lei-Complementar-n44-202101-07-2021.pdf\" target=\"_blank\" rel=\"noreferrer noopener\" aria-label=\"Lei Complementar n\u00ba044\/2021 de 01\/07\/2021 (abre em uma nova aba)\">Lei Complementar n\u00ba044\/2021 de 01\/07\/2021<\/a><\/li>\n<\/ul>\n\n\n\n<h4 class=\"wp-block-heading\">Lei Organiza\u00e7\u00e3o do IPASMA<\/h4>\n\n\n\n<ul>\n<li><a href=\"https:\/\/ipasma.go.gov.br\/site\/wp-content\/uploads\/2025\/03\/2270-2025.pdf\">Lei n\u00ba2.270\/2025 de 28\/03\/2025<\/a><\/li>\n<\/ul>\n\n\n\n<h4 class=\"wp-block-heading\">Lei Plano de Benef\u00edcios do IPASMA<\/h4>\n\n\n\n<ul>\n<li><a href=\"https:\/\/ipasma.go.gov.br\/site\/wp-content\/uploads\/2025\/03\/2271-2025.pdf\">Lei n\u00ba2.271\/2025 de 28\/03\/2025<\/a><\/li>\n<\/ul>\n\n\n\n<h4 class=\"wp-block-heading\">Comit\u00ea de Investimentos<\/h4>\n\n\n\n<ul>\n<li><a href=\"http:\/\/ipasma.go.gov.br\/site\/wp-content\/uploads\/2020\/02\/Decreto-079-2016-Institui-o-Comit%C3%AA-de-Investimento.pdf\">Decreto n\u00ba079\/2016 (Institui Comit\u00ea de Investimentos)<\/a><\/li>\n\n\n\n<li><a rel=\"noreferrer noopener\" aria-label=\"Decreto n\u00ba039\/2021 (nomeia Comit\u00ea de Investimentos) (abre em uma nova aba)\" href=\"http:\/\/ipasma.go.gov.br\/site\/wp-content\/uploads\/2021\/01\/Decreto-n039-2021-Nomeia-Comit\u00ea-de-Investimentos.pdf\" target=\"_blank\">Decreto n\u00ba039\/2021 (nomeia Comit\u00ea de Investimentos)<\/a><\/li>\n\n\n\n<li><a rel=\"noreferrer noopener\" aria-label=\"Decreto n\u00ba280\/2021 (altera Comit\u00ea de Investimentos) (abre em uma nova aba)\" href=\"http:\/\/ipasma.go.gov.br\/site\/wp-content\/uploads\/2021\/07\/decreto-280-2021.pdf\" target=\"_blank\">Decreto n\u00ba280\/2021 (altera Comit\u00ea de Investimentos)<\/a><\/li>\n\n\n\n<li><a rel=\"noreferrer noopener\" aria-label=\"Decreto n\u00ba442\/2021 (altera Comit\u00ea de Investimentos)  (abre em uma nova aba)\" href=\"http:\/\/ipasma.go.gov.br\/site\/wp-content\/uploads\/2021\/12\/decreto-442-2021-altera-comite.pdf\" target=\"_blank\">Decreto n\u00ba442\/2021 (altera Comit\u00ea de Investimentos) <\/a><\/li>\n\n\n\n<li><a href=\"http:\/\/ipasma.go.gov.br\/site\/wp-content\/uploads\/2023\/04\/Decreto-125-2023.pdf\">Decreto n\u00ba125\/2023 (altera Comit\u00ea de Investimentos)<\/a><\/li>\n\n\n\n<li><a href=\"http:\/\/ipasma.go.gov.br\/site\/wp-content\/uploads\/2023\/11\/DECRETO-No-402-2023-NOMEACAO-DO-MEMBRO.pdf\" target=\"_blank\" rel=\"noreferrer noopener\">Decreto n\u00ba402\/2023 (altera Comit\u00ea de Investimentos)<\/a><\/li>\n\n\n\n<li><a href=\"https:\/\/ipasma.go.gov.br\/site\/wp-content\/uploads\/2025\/02\/Decreto039-2025.pdf\">Decreto n\u00ba039\/2025 (altera Comit\u00ea de Investimentos)<\/a><\/li>\n<\/ul>\n\n\n\n<h4 class=\"wp-block-heading\">Conselho Curador e Fiscal<\/h4>\n\n\n\n<ul>\n<li><a href=\"https:\/\/ipasma.go.gov.br\/site\/wp-content\/uploads\/2025\/04\/Decreto-150-2025-Nomeia-Conselhos-do-IPASMA.pdf\">Decreto n\u00ba150\/2025 (nomeia Conselho Curador e Fiscal)<\/a><\/li>\n\n\n\n<li><a href=\"http:\/\/ipasma.go.gov.br\/site\/wp-content\/uploads\/2026\/02\/Decreto-no044-2026.pdf\">Decreto n\u00ba044\/2026 (altera Conselho Curador e Fiscal)<\/a><a href=\"http:\/\/ipasma.go.gov.br\/site\/wp-content\/uploads\/2023\/04\/2.Portaria-Nomeia-Comiss%C3%A3o-para-processo-eleitora-de-Diretor-Administrativo-do-Ipasma..pdf\"><\/a><\/li>\n<\/ul>\n\n\n\n<h4 class=\"wp-block-heading\">Al\u00edquotas de Contribui\u00e7\u00e3o<\/h4>\n\n\n\n<ul>\n<li><a href=\"https:\/\/ipasma.go.gov.br\/site\/wp-content\/uploads\/2024\/11\/Lei_2024_2260-Institui-o-Plano-de-Amortizacao-para-equacionamento-do-deficit-atuarial-do-Regime-Proprio-de-Previdencia-Social-do-Municipio-de-Acreuna-GO-cria-aliquotas-suplementares.pdf\">Lei n\u00ba2.260\/2024 (Institui o plano de amortiza\u00e7\u00e3o para equacionamento do d\u00e9ficit atuarial e cria al\u00edquotas suplementares)<\/a><\/li>\n\n\n\n<li><a href=\"http:\/\/ipasma.go.gov.br\/site\/wp-content\/uploads\/2019\/11\/Decreto-n%C2%BA-114-2019-de-06-de-Maio-de-2019..pdf\" target=\"_blank\" rel=\"noreferrer noopener\"><a aria-label=\"Lei Complementar n\u00ba044\/2021 de 01\/07\/2021 (abre em uma nova aba)\" href=\"http:\/\/ipasma.go.gov.br\/site\/wp-content\/uploads\/2021\/07\/Lei-Complementar-n44-202101-07-2021.pdf\" target=\"_blank\" rel=\"noreferrer noopener\">Lei Complementar n\u00ba044\/2021 de 01\/07\/2021<\/a><\/a><\/li>\n<\/ul>\n\n\n\n<h4 class=\"wp-block-heading\">Demais atos<\/h4>\n\n\n\n<ul>\n<li><a href=\"https:\/\/ipasma.go.gov.br\/site\/wp-content\/uploads\/2025\/06\/Decreto-251-2025.pdf\" target=\"_blank\" rel=\"noreferrer noopener\">Decreto n\u00ba251\/2025&nbsp;(nomeia&nbsp;Diretor&nbsp;Administrativo)<\/a><\/li>\n\n\n\n<li><a href=\"http:\/\/ipasma.go.gov.br\/site\/wp-content\/uploads\/2023\/06\/Portaria-n\u00ba041-2023-Nomeia-Diretor-de-Beneficio-e-Financeiro.pdf\" target=\"_blank\" rel=\"noreferrer noopener\" aria-label=\"Portaria IPASMA n\u00ba041\/2023&nbsp;(nomeia&nbsp;Diretora&nbsp;Financeira e de Benef\u00edcios) (abre em uma nova aba)\">Portaria IPASMA n\u00ba041\/2023&nbsp;(nomeia&nbsp;Diretora&nbsp;Financeira e de Benef\u00edcios)<\/a><\/li>\n\n\n\n<li><a href=\"http:\/\/ipasma.go.gov.br\/site\/wp-content\/uploads\/2021\/05\/Portaria-n\u00ba026-2021.pdf\">Portaria IPASMA n\u00ba026\/2021 (Nomeia comiss\u00e3o permanente de licita\u00e7\u00e3o)<\/a><\/li>\n\n\n\n<li><a href=\"http:\/\/ipasma.go.gov.br\/site\/wp-content\/uploads\/2021\/05\/Portaria-n\u00ba027-2021.pdf\">Portaria IPASMA n\u00ba027\/2021 (Disp\u00f5e sobre designa\u00e7\u00e3o do Pregoeiro e equipe de apoio do IPASMA)<\/a><\/li>\n<\/ul>\n\n\n\n<h2 class=\"wp-block-heading\">Estatuto dos Servidores<\/h2>\n\n\n\n<ul>\n<li><a rel=\"noreferrer noopener\" aria-label=\"Lei municipal n\u00ba1.546\/2010 (Estatuto dos Servidores do Munic\u00edpio de Acre\u00fana) (abre em uma nova aba)\" href=\"http:\/\/ipasma.go.gov.br\/site\/wp-content\/uploads\/2019\/11\/Lei-n\u00ba1.546-2010-Estatuto-Servidores.pdf\" target=\"_blank\">Lei municipal n\u00ba1.546\/2010 (Estatuto dos Servidores do Munic\u00edpio de Acre\u00fana)<\/a><\/li>\n\n\n\n<li><a rel=\"noreferrer noopener\" aria-label=\"Lei municipal n\u00ba1.583\/2011 Altera Estatuto Servidor (abre em uma nova aba)\" href=\"http:\/\/ipasma.go.gov.br\/site\/wp-content\/uploads\/2019\/11\/lei_1583_2011_altera_estatuto_servidor.pdf\" target=\"_blank\">Lei municipal n\u00ba1.583\/2011 Altera Estatuto Servidor<\/a><\/li>\n\n\n\n<li><a rel=\"noreferrer noopener\" aria-label=\" Lei municipal n\u00ba1.635\/2012 Altera Estatuto Servido (abre em uma nova aba)\" href=\"http:\/\/ipasma.go.gov.br\/site\/wp-content\/uploads\/2019\/11\/lei_1635_2012_altera_estatuto_servidor.pdf\" target=\"_blank\"> Lei municipal n\u00ba1.635\/2012 Altera Estatuto Servidor<\/a><\/li>\n\n\n\n<li><a rel=\"noreferrer noopener\" aria-label=\"Lei municipal n\u00ba1.640\/2012 Altera Estatuto Servidor (abre em uma nova aba)\" href=\"http:\/\/ipasma.go.gov.br\/site\/wp-content\/uploads\/2019\/11\/lei_1640_2012_altera_estatuto_servidor.pdf\" target=\"_blank\">Lei municipal n\u00ba1.640\/2012 Altera Estatuto Servidor<\/a><\/li>\n\n\n\n<li><a rel=\"noreferrer noopener\" aria-label=\" (abre em uma nova aba)\" href=\"http:\/\/ipasma.go.gov.br\/site\/wp-content\/uploads\/2019\/11\/lei_1660_2013_altera_estatuto_servidor.pdf\" target=\"_blank\">Lei municipal n\u00ba1.660\/2013 Altera Estatuto Servidor<\/a><\/li>\n\n\n\n<li><a rel=\"noreferrer noopener\" aria-label=\" (abre em uma nova aba)\" href=\"http:\/\/ipasma.go.gov.br\/site\/wp-content\/uploads\/2019\/11\/Lei_1697_2014_altera_estatuto_servidor.pdf\" target=\"_blank\">Lei municipal n\u00ba1.697\/2014 Altera Estatuto Servidor<\/a><\/li>\n\n\n\n<li><a rel=\"noreferrer noopener\" aria-label=\" (abre em uma nova aba)\" href=\"http:\/\/ipasma.go.gov.br\/site\/wp-content\/uploads\/2019\/11\/lei_1810_2017-Altera-Lei-1.546.2010-Gratifica\u00e7\u00e3o-da-Comiss\u00e3o-de-Licita\u00e7\u00e3o.pdf\" target=\"_blank\">Lei municipal n\u00ba1.810\/2017 Altera Estatuto Servidor<\/a><\/li>\n\n\n\n<li><a href=\"http:\/\/ipasma.go.gov.br\/site\/wp-content\/uploads\/2023\/02\/Lei_2131_2023-altera-estatuto.pdf\">Lei municipal n\u00ba2.131\/2023 Altera Estatuto Servidor<\/a><\/li>\n\n\n\n<li><a href=\"http:\/\/ipasma.go.gov.br\/site\/wp-content\/uploads\/2023\/02\/Lei_2133_2023-altera-estatuto.pdf\">Lei municipal n\u00ba2.133\/2023 Altera Estatuto Servidor<\/a> <\/li>\n<\/ul>\n\n\n\n<h2 class=\"wp-block-heading\">Estatuto do Magist\u00e9rio<\/h2>\n\n\n\n<ul>\n<li><a href=\"http:\/\/ipasma.go.gov.br\/site\/wp-content\/uploads\/2022\/02\/Lei-1.529-2009-Estatuto-e-Plano-de-Carreira-do-Magist\u00e9rio.pdf\">Lei municipal n\u00ba1.529\/2009 (Estatuto e Plano de Carreira do Magist\u00e9rio)<\/a><\/li>\n\n\n\n<li><a href=\"http:\/\/ipasma.go.gov.br\/site\/wp-content\/uploads\/2022\/02\/Lei-1.589-2011-Altera-Estatuto-do-Magist\u00e9rio-Lei-1.529-2009.pdf\">Lei municipal n\u00ba1.589\/2011 (altera Estatuto e Plano de Carreia do&nbsp;Magist\u00e9rio)<\/a><\/li>\n\n\n\n<li><a href=\"http:\/\/ipasma.go.gov.br\/site\/wp-content\/uploads\/2022\/02\/Lei-1.955-2020-Altera-Estatuto-do-Magist\u00e9rio-Lei-1.529-2009.pdf\"> Lei municipal n\u00ba1.955\/2020 (altera Estatuto e Plano de Carreia do&nbsp;Magist\u00e9rio)<\/a><\/li>\n\n\n\n<li> <a href=\"http:\/\/ipasma.go.gov.br\/site\/wp-content\/uploads\/2022\/05\/Lei-n%C2%BA2033-2022.pdf\">Lei municipal n\u00ba2.033\/2022 (altera Estatuto e Plano de Carreia do&nbsp;Magist\u00e9rio)<\/a> <\/li>\n<\/ul>\n","protected":false},"excerpt":{"rendered":"<p>Veja abaixo legisla\u00e7\u00e3o municipal pertinente ao IPASMA: Regime de Previd\u00eancia Complementar Reforma da Previd\u00eancia (conf. EC 103\/2019) Lei Organiza\u00e7\u00e3o do IPASMA Lei Plano de Benef\u00edcios do IPASMA Comit\u00ea de Investimentos Conselho Curador e Fiscal Al\u00edquotas de Contribui\u00e7\u00e3o Demais atos Estatuto dos Servidores Estatuto do Magist\u00e9rio<\/p>\n","protected":false},"author":1,"featured_media":0,"parent":0,"menu_order":0,"comment_status":"closed","ping_status":"closed","template":"","meta":{"footnotes":""},"_links":{"self":[{"href":"http:\/\/ipasma.go.gov.br\/site\/wp-json\/wp\/v2\/pages\/36"}],"collection":[{"href":"http:\/\/ipasma.go.gov.br\/site\/wp-json\/wp\/v2\/pages"}],"about":[{"href":"http:\/\/ipasma.go.gov.br\/site\/wp-json\/wp\/v2\/types\/page"}],"author":[{"embeddable":true,"href":"http:\/\/ipasma.go.gov.br\/site\/wp-json\/wp\/v2\/users\/1"}],"replies":[{"embeddable":true,"href":"http:\/\/ipasma.go.gov.br\/site\/wp-json\/wp\/v2\/comments?post=36"}],"version-history":[{"count":106,"href":"http:\/\/ipasma.go.gov.br\/site\/wp-json\/wp\/v2\/pages\/36\/revisions"}],"predecessor-version":[{"id":2295,"href":"http:\/\/ipasma.go.gov.br\/site\/wp-json\/wp\/v2\/pages\/36\/revisions\/2295"}],"wp:attachment":[{"href":"http:\/\/ipasma.go.gov.br\/site\/wp-json\/wp\/v2\/media?parent=36"}],"curies":[{"name":"wp","href":"https:\/\/api.w.org\/{rel}","templated":true}]}}