{"id":38,"date":"2019-01-20T18:18:51","date_gmt":"2019-01-20T20:18:51","guid":{"rendered":"http:\/\/ipasma.go.gov.br\/web\/?page_id=38"},"modified":"2021-07-21T09:37:30","modified_gmt":"2021-07-21T12:37:30","slug":"legislacao-federal","status":"publish","type":"page","link":"http:\/\/ipasma.go.gov.br\/site\/legislacao-federal\/","title":{"rendered":"Legisla\u00e7\u00e3o federal"},"content":{"rendered":"\n<h2 class=\"wp-block-heading\">Veja abaixo principais normas sobre os regimes pr\u00f3prios de previd\u00eancia:<\/h2>\n\n\n\n<ul><li><a rel=\"noreferrer noopener\" aria-label=\"Art. 40 da Constitui\u00e7\u00e3o Federal (abre em uma nova aba)\" href=\"http:\/\/www.planalto.gov.br\/ccivil_03\/constituicao\/Constituicao.htm#art40\" target=\"_blank\">Art. 40 da Constitui\u00e7\u00e3o Federal<\/a><\/li><li><a rel=\"noreferrer noopener\" aria-label=\"Emenda Constitucional n\u00ba20\/1998 (abre em uma nova aba)\" href=\"http:\/\/www.planalto.gov.br\/ccivil_03\/Constituicao\/Emendas\/Emc\/emc20.htm\" target=\"_blank\">Emenda Constitucional n\u00ba20\/1998<\/a><\/li><li><a rel=\"noreferrer noopener\" aria-label=\"Emenda Constitucional n\u00ba41\/2003 (abre em uma nova aba)\" href=\"http:\/\/www.planalto.gov.br\/ccivil_03\/constituicao\/emendas\/emc\/emc41.htm\" target=\"_blank\">Emenda Constitucional n\u00ba41\/2003<\/a><\/li><li><a rel=\"noreferrer noopener\" aria-label=\"Emenda Constitucional n\u00ba47\/2005 (abre em uma nova aba)\" href=\"http:\/\/www.planalto.gov.br\/ccivil_03\/Constituicao\/Emendas\/Emc\/emc47.htm\" target=\"_blank\">Emenda Constitucional n\u00ba47\/2005<\/a><\/li><li><a rel=\"noreferrer noopener\" aria-label=\"Emenda Constitucional n\u00ba70\/2012 (abre em uma nova aba)\" href=\"http:\/\/www.planalto.gov.br\/ccivil_03\/constituicao\/emendas\/emc\/emc70.htm\" target=\"_blank\">Emenda Constitucional n\u00ba70\/2012<\/a><\/li><li><a rel=\"noreferrer noopener\" aria-label=\"Emenda Constitucional n\u00ba88\/2015 (abre em uma nova aba)\" href=\"http:\/\/www.planalto.gov.br\/ccivil_03\/Constituicao\/Emendas\/Emc\/emc88.htm\" target=\"_blank\">Emenda Constitucional n\u00ba88\/2015<\/a><\/li><li><a rel=\"noreferrer noopener\" aria-label=\"Emenda Constitucional n\u00ba103\/2019 (abre em uma nova aba)\" href=\"http:\/\/www.planalto.gov.br\/ccivil_03\/constituicao\/emendas\/emc\/emc103.htm\" target=\"_blank\">Emenda Constitucional n\u00ba103\/2019<\/a><\/li><li><a rel=\"noreferrer noopener\" aria-label=\"Lei complementar n\u00ba101\/2000 (abre em uma nova aba)\" href=\"http:\/\/www.planalto.gov.br\/ccivil_03\/LEIS\/LCP\/Lcp101.htm\" target=\"_blank\">Lei complementar n\u00ba101\/2000<\/a><\/li><li><a rel=\"noreferrer noopener\" aria-label=\"Lei n\u00ba9.717\/1998 (abre em uma nova aba)\" href=\"http:\/\/www.planalto.gov.br\/ccivil_03\/LEIS\/L9717.htm\" target=\"_blank\">Lei n\u00ba9.717\/1998<\/a><\/li><li><a rel=\"noreferrer noopener\" aria-label=\"Lei n\u00ba9.796\/1999 (abre em uma nova aba)\" href=\"http:\/\/www.planalto.gov.br\/ccivil_03\/LEIS\/L9796.htm\" target=\"_blank\">Lei n\u00ba9.796\/1999<\/a><\/li><li><a rel=\"noreferrer noopener\" aria-label=\"Lei n\u00ba10.887\/2004 (abre em uma nova aba)\" href=\"http:\/\/www.planalto.gov.br\/ccivil_03\/_Ato2004-2006\/2004\/Lei\/L10.887.htm\" target=\"_blank\">Lei n\u00ba10.887\/2004<\/a>.<\/li><\/ul>\n","protected":false},"excerpt":{"rendered":"<p>Veja abaixo principais normas sobre os regimes pr\u00f3prios de previd\u00eancia: Art. 40 da Constitui\u00e7\u00e3o Federal Emenda Constitucional n\u00ba20\/1998 Emenda Constitucional n\u00ba41\/2003 Emenda Constitucional n\u00ba47\/2005 Emenda Constitucional n\u00ba70\/2012 Emenda Constitucional n\u00ba88\/2015 Emenda Constitucional n\u00ba103\/2019 Lei complementar n\u00ba101\/2000 Lei n\u00ba9.717\/1998 Lei n\u00ba9.796\/1999 Lei n\u00ba10.887\/2004.<\/p>\n","protected":false},"author":1,"featured_media":0,"parent":0,"menu_order":0,"comment_status":"closed","ping_status":"closed","template":"","meta":{"footnotes":""},"_links":{"self":[{"href":"http:\/\/ipasma.go.gov.br\/site\/wp-json\/wp\/v2\/pages\/38"}],"collection":[{"href":"http:\/\/ipasma.go.gov.br\/site\/wp-json\/wp\/v2\/pages"}],"about":[{"href":"http:\/\/ipasma.go.gov.br\/site\/wp-json\/wp\/v2\/types\/page"}],"author":[{"embeddable":true,"href":"http:\/\/ipasma.go.gov.br\/site\/wp-json\/wp\/v2\/users\/1"}],"replies":[{"embeddable":true,"href":"http:\/\/ipasma.go.gov.br\/site\/wp-json\/wp\/v2\/comments?post=38"}],"version-history":[{"count":9,"href":"http:\/\/ipasma.go.gov.br\/site\/wp-json\/wp\/v2\/pages\/38\/revisions"}],"predecessor-version":[{"id":1273,"href":"http:\/\/ipasma.go.gov.br\/site\/wp-json\/wp\/v2\/pages\/38\/revisions\/1273"}],"wp:attachment":[{"href":"http:\/\/ipasma.go.gov.br\/site\/wp-json\/wp\/v2\/media?parent=38"}],"curies":[{"name":"wp","href":"https:\/\/api.w.org\/{rel}","templated":true}]}}