{"id":79,"date":"2019-01-20T22:47:21","date_gmt":"2019-01-21T00:47:21","guid":{"rendered":"http:\/\/ipasma.go.gov.br\/site\/?page_id=79"},"modified":"2026-04-22T16:19:26","modified_gmt":"2026-04-22T19:19:26","slug":"atas-conselho-curador","status":"publish","type":"page","link":"http:\/\/ipasma.go.gov.br\/site\/atas-conselho-curador\/","title":{"rendered":"Atas do Conselho Curador"},"content":{"rendered":"\n<p>O <strong><a href=\"http:\/\/ipasma.go.gov.br\/site\/estrutura-organizacional\/\">Conselho Curador<\/a><\/strong> tem fun\u00e7\u00f5es de delibera\u00e7\u00e3o superior tipificadas no art. 83 da <a rel=\"noreferrer noopener\" aria-label=\"Lei n\u00ba1.874\/2018 (abre em uma nova aba)\" href=\"http:\/\/ipasma.go.gov.br\/site\/wp-content\/uploads\/2019\/01\/lei-1.874-2018.pdf\" target=\"_blank\">Lei n\u00ba1.874\/2018<\/a>.<\/p>\n\n\n\n<ul>\n<li><a href=\"https:\/\/ipasma.go.gov.br\/site\/wp-content\/uploads\/2026\/04\/Ata-no004-2026-Conselho-Curador-22-04-2026.pdf\">Ata n\u00ba004\/2026 Conselho Curador 22\/04\/2026<\/a><\/li>\n\n\n\n<li><a href=\"http:\/\/ipasma.go.gov.br\/site\/wp-content\/uploads\/2026\/03\/ATA-No03-2026-CONSELHO-CURADOR.pdf\">Ata n\u00ba003\/2026 Conselho Curador 24\/03\/2026<\/a><\/li>\n\n\n\n<li><a href=\"https:\/\/ipasma.go.gov.br\/site\/wp-content\/uploads\/2026\/03\/ATA-No02-2026-CONSELHO-CURADOR.pdf\">Ata n\u00ba002\/2026 Conselho Curador 24\/02\/2026<\/a><\/li>\n\n\n\n<li><a href=\"http:\/\/ipasma.go.gov.br\/site\/wp-content\/uploads\/2026\/01\/Ata-no001-2026-Conselho-Curador.pdf\">Ata n\u00ba001\/2026 Conselho Curador 19\/01\/2026<\/a><\/li>\n\n\n\n<li><a href=\"http:\/\/ipasma.go.gov.br\/site\/wp-content\/uploads\/2025\/12\/ata-12.pdf\">Ata n\u00ba012\/2025 Conselho Curador 16\/12\/2025<\/a><\/li>\n\n\n\n<li><a href=\"https:\/\/ipasma.go.gov.br\/site\/wp-content\/uploads\/2025\/11\/ATA-011-2025-ref.-OUTUBRO-CONSELHO-CURADOR.pdf\">Ata n\u00ba011\/2025 Conselho Curador 25\/11\/2025<\/a><\/li>\n\n\n\n<li><a href=\"https:\/\/ipasma.go.gov.br\/site\/wp-content\/uploads\/2025\/10\/Ata-no010-2025-Conselho-Curador.pdf\">Ata n\u00ba010\/2025 Conselho Curador 21\/10\/2025<\/a><\/li>\n\n\n\n<li><a href=\"https:\/\/ipasma.go.gov.br\/site\/wp-content\/uploads\/2025\/10\/Ata-no09-2025-Conselho-Curador.pdf\">Ata n\u00ba009\/2025 Conselho Curador 23\/09\/2025<\/a><\/li>\n\n\n\n<li><a href=\"https:\/\/ipasma.go.gov.br\/site\/wp-content\/uploads\/2025\/08\/ATA-No008-2025-CONSELHO-CURADOR.pdf\">Ata n\u00ba008\/2025 Conselho Curador 21\/08\/2025<\/a><\/li>\n\n\n\n<li><a href=\"https:\/\/ipasma.go.gov.br\/site\/wp-content\/uploads\/2025\/08\/ATA-No007-2025-CONSELHO-CURADOR.pdf\">Ata n\u00ba007\/2025 Conselho Curador 22\/07\/2025<\/a><\/li>\n\n\n\n<li><a href=\"https:\/\/ipasma.go.gov.br\/site\/wp-content\/uploads\/2025\/06\/Ata-no006-2025-Conselho-Curador-24-06-2025.pdf\">Ata n\u00ba006\/2025 Conselho Curador 24\/06\/2025<\/a><\/li>\n\n\n\n<li><a href=\"http:\/\/ipasma.go.gov.br\/site\/wp-content\/uploads\/2025\/06\/Ata-no005-2025-Conselho-Curador-26-05-2025.pdf\">Ata n\u00ba005\/2025 Conselho Curador 26\/05\/2025<\/a><\/li>\n\n\n\n<li><a href=\"https:\/\/ipasma.go.gov.br\/site\/wp-content\/uploads\/2025\/04\/Ata-no004-2025-Conselho-Curador-23-04-2025.pdf\">Ata n\u00ba004\/2025 Conselho Curador 23\/04\/2025<\/a><\/li>\n\n\n\n<li><a href=\"https:\/\/ipasma.go.gov.br\/site\/wp-content\/uploads\/2025\/03\/Ata-no003-2025-Conselho-Curador.pdf\">Ata n\u00ba003\/2025 Conselho Curador 20\/03\/2025<\/a><\/li>\n\n\n\n<li><a href=\"https:\/\/ipasma.go.gov.br\/site\/wp-content\/uploads\/2025\/02\/Ata-no002-2025-Conselho-Curador_000099.pdf\">Ata n\u00ba002\/2025 Conselho Curador 20\/02\/2025<\/a><\/li>\n\n\n\n<li><a href=\"https:\/\/ipasma.go.gov.br\/site\/wp-content\/uploads\/2025\/01\/Ata-no001-2025-Conselho-Curador_000185.pdf\">Ata n\u00ba001\/2025 Conselho Curador 15\/01\/2025<\/a><\/li>\n\n\n\n<li><a href=\"https:\/\/ipasma.go.gov.br\/site\/wp-content\/uploads\/2024\/11\/Ata-Conselho-Curador-19-11-2024.pdf\">Ata n\u00ba013\/2024 Conselho Curador 19\/11\/2024<\/a><\/li>\n\n\n\n<li><a href=\"https:\/\/ipasma.go.gov.br\/site\/wp-content\/uploads\/2024\/10\/Ata-Conselho-Curador-dia-24-10-2024_000021.pdf\">Ata n\u00ba012\/2024 Conselho Curador 23\/10\/2024<\/a><\/li>\n\n\n\n<li><a href=\"https:\/\/ipasma.go.gov.br\/site\/wp-content\/uploads\/2024\/09\/Ata-no011-2024-conselho-curador-24-09-2024.pdf\">Ata n\u00ba011\/2024 Conselho Curador 24\/09\/2024<\/a><\/li>\n\n\n\n<li><a href=\"https:\/\/ipasma.go.gov.br\/site\/wp-content\/uploads\/2024\/08\/Ata-do-Conselho-Curador-010-2024_000052.pdf\">Ata n\u00ba010\/2024 Conselho Curador 21\/08\/2024<\/a><\/li>\n\n\n\n<li><a href=\"https:\/\/ipasma.go.gov.br\/site\/wp-content\/uploads\/2024\/07\/Ata-Conselho-Curador-009-2024-24-07-2024_000014.pdf\">Ata n\u00ba009\/2024 Conselho Curador 24\/07\/2024<\/a><\/li>\n\n\n\n<li><a href=\"https:\/\/ipasma.go.gov.br\/site\/wp-content\/uploads\/2024\/08\/Ata-do-Conselho-Curador-008-2024_000053.pdf\">Ata n\u00ba008\/2024 Conselho Curador 19\/06\/2024<\/a><\/li>\n\n\n\n<li><a href=\"https:\/\/ipasma.go.gov.br\/site\/wp-content\/uploads\/2024\/07\/Ata-7-curador.pdf\">Ata n\u00ba007\/2024 Conselho Curador 06\/06\/2024<\/a><\/li>\n\n\n\n<li><a href=\"https:\/\/ipasma.go.gov.br\/site\/wp-content\/uploads\/2024\/07\/Ata-6-curador.pdf\">Ata n\u00ba006\/2024 Conselho Curador 24\/05\/2024<\/a><\/li>\n\n\n\n<li><a href=\"https:\/\/ipasma.go.gov.br\/site\/wp-content\/uploads\/2024\/07\/Ata-5-curador.pdf\">Ata n\u00ba005\/2024 Conselho Curador 24\/04\/2024<\/a><\/li>\n\n\n\n<li><a href=\"https:\/\/ipasma.go.gov.br\/site\/wp-content\/uploads\/2024\/07\/Ata-4-curador.pdf\">Ata n\u00ba004\/2024 Conselho Curador 03\/04\/2024<\/a><\/li>\n\n\n\n<li><a href=\"http:\/\/ipasma.go.gov.br\/site\/wp-content\/uploads\/2024\/04\/Ata-003-2024-Conselho-Curador_001194.pdf\">Ata n\u00ba003\/2024 Conselho Curador 21\/03\/2024<\/a><\/li>\n\n\n\n<li><a href=\"http:\/\/ipasma.go.gov.br\/site\/wp-content\/uploads\/2024\/02\/Ata-no002-2024-Conselho-Curador_001125.pdf\">Ata n\u00ba002\/2024 Conselho Curador 22\/02\/2024<\/a><\/li>\n\n\n\n<li><div><a href=\"http:\/\/ipasma.go.gov.br\/site\/wp-content\/uploads\/2024\/01\/Ata-no001-2024-Conselho-Curador_001081.pdf\">Ata n\u00ba001\/2024 Conselho Curador 30\/01\/2024<\/a><\/div><\/li>\n\n\n\n<li><a href=\"http:\/\/ipasma.go.gov.br\/site\/wp-content\/uploads\/2024\/01\/Ata-no014-2023-Conselho-Curador_001082.pdf\">Ata n\u00ba014\/2023 Conselho Curador 15\/12\/2023<\/a><\/li>\n\n\n\n<li><a href=\"http:\/\/ipasma.go.gov.br\/site\/wp-content\/uploads\/2024\/01\/Ata-no013-2023-Conselho-Curador_001083.pdf\">Ata n\u00ba013\/2023 Conselho Curador 27\/11\/2023<\/a><\/li>\n\n\n\n<li><a href=\"http:\/\/ipasma.go.gov.br\/site\/wp-content\/uploads\/2023\/11\/Ata-no012-2023-Conselho-Curador-25-10-2023_000938.pdf\">Ata n\u00ba012\/2023 Conselho Curador 25\/10\/2023<\/a><\/li>\n\n\n\n<li><a href=\"http:\/\/ipasma.go.gov.br\/site\/wp-content\/uploads\/2023\/11\/Ata-no011-conselho-curador-27-09-2023_000908.pdf\">Ata n\u00ba011\/2023 Conselho Curador 27\/09\/2023<\/a><\/li>\n\n\n\n<li><a href=\"http:\/\/ipasma.go.gov.br\/site\/wp-content\/uploads\/2023\/11\/Ata-no010-conselho-curador-30-08-2023_000907.pdf\">Ata n\u00ba010\/2023 Conselho Curador 30\/08\/2023<\/a><\/li>\n\n\n\n<li><a href=\"http:\/\/ipasma.go.gov.br\/site\/wp-content\/uploads\/2023\/11\/Ata-no009-conselho-curador-26-07-2023_000906.pdf\">Ata n\u00ba009\/2023 Conselho Curador 26\/07\/2023<\/a><\/li>\n\n\n\n<li><a href=\"http:\/\/ipasma.go.gov.br\/site\/wp-content\/uploads\/2023\/11\/Ata-no008-conselho-curador-26-06-2023_000905.pdf\">Ata n\u00ba008\/2023 Conselho Curador 26\/06\/2023<\/a><\/li>\n\n\n\n<li><a href=\"http:\/\/ipasma.go.gov.br\/site\/wp-content\/uploads\/2023\/11\/Ata-no007-conselho-curador-31-05-2023_000904.pdf\">Ata n\u00ba007\/2023 Conselho Curador 31\/05\/2023<\/a><\/li>\n\n\n\n<li><a href=\"http:\/\/ipasma.go.gov.br\/site\/wp-content\/uploads\/2023\/11\/Ata-no006-conselho-curador-26-04-2023_000903.pdf\">Ata n\u00ba006\/2023 Conselho Curador 26\/04\/2023<\/a><\/li>\n\n\n\n<li><a rel=\"noreferrer noopener\" aria-label=\"Ata n\u00ba005\/2023 Conselho Curador 29\/03\/2023 (abre em uma nova aba)\" href=\"http:\/\/ipasma.go.gov.br\/site\/wp-content\/uploads\/2023\/04\/Ata-n\u00ba005-2023-29-03-2023_000471.pdf\" target=\"_blank\">Ata n\u00ba005\/2023 Conselho Curador 29\/03\/2023<\/a>   <\/li>\n\n\n\n<li><a rel=\"noreferrer noopener\" aria-label=\"Ata n\u00ba004\/2023 Conselho Curador 20\/03\/2023   (abre em uma nova aba)\" href=\"http:\/\/ipasma.go.gov.br\/site\/wp-content\/uploads\/2023\/04\/Ata-n\u00ba004-2023-20-03-2023_000470.pdf\" target=\"_blank\">Ata n\u00ba004\/2023 Conselho Curador 20\/03\/2023  <\/a><\/li>\n\n\n\n<li><a rel=\"noreferrer noopener\" aria-label=\"Ata n\u00ba003\/2023 Conselho Curador 22\/02\/2023  (abre em uma nova aba)\" href=\"http:\/\/ipasma.go.gov.br\/site\/wp-content\/uploads\/2023\/04\/Ata-n\u00ba003-2023-22-02-2023_000469.pdf\" target=\"_blank\">Ata n\u00ba003\/2023 Conselho Curador 22\/02\/2023 <\/a><\/li>\n\n\n\n<li><a rel=\"noreferrer noopener\" aria-label=\"Ata n\u00ba002\/2023 Conselho Curador 31\/01\/2023  (abre em uma nova aba)\" href=\"http:\/\/ipasma.go.gov.br\/site\/wp-content\/uploads\/2023\/04\/Ata-n\u00ba002-2023-31-01-2023_000468.pdf\" target=\"_blank\">Ata n\u00ba002\/2023 Conselho Curador 31\/01\/2023 <\/a><\/li>\n\n\n\n<li><a href=\"http:\/\/ipasma.go.gov.br\/site\/wp-content\/uploads\/2023\/04\/Ata-n\u00ba001-2023-26-01-2023_000472.pdf\" target=\"_blank\" rel=\"noreferrer noopener\" aria-label=\"Ata n\u00ba001\/2023 Conselho Curador 26\/01\/2023\u2028 (abre em uma nova aba)\">Ata n\u00ba001\/2023 Conselho Curador 26\/01\/2023<\/a><\/li>\n\n\n\n<li><a href=\"http:\/\/ipasma.go.gov.br\/site\/wp-content\/uploads\/2023\/02\/Ata-n\u00ba014-2022-Conselho-Curador-13-12-22_000337.pdf\">Ata n\u00ba014\/2022 Conselho Curador 13-12-2022 <\/a><\/li>\n\n\n\n<li><a href=\"http:\/\/ipasma.go.gov.br\/site\/wp-content\/uploads\/2023\/02\/Ata-n\u00ba013-2022-Conselho-Curador-23-11-22_000333.pdf\">Ata n\u00ba013\/2022 Conselho Curador 23-11-2022 <\/a><\/li>\n\n\n\n<li><a href=\"http:\/\/ipasma.go.gov.br\/site\/wp-content\/uploads\/2023\/02\/Ata-n\u00ba012-2022-Conselho-Curador-26-10-22_000334.pdf\">Ata n\u00ba012\/2022 Conselho Curador 26-10-2022 <\/a><\/li>\n\n\n\n<li><a href=\"http:\/\/ipasma.go.gov.br\/site\/wp-content\/uploads\/2023\/02\/Ata-n\u00ba011-2022-Conselho-Curador-27-09-22_000335.pdf\">Ata n\u00ba011\/2022 Conselho Curador 27-09-2022 <\/a><\/li>\n\n\n\n<li><a href=\"http:\/\/ipasma.go.gov.br\/site\/wp-content\/uploads\/2023\/02\/Ata-n\u00ba010-2022-CONSELHO-CURADOR-15-09-2022.pdf\">Ata n\u00ba010\/2022  Conselho Curador 15-09-2022 <\/a><\/li>\n\n\n\n<li><a href=\"http:\/\/ipasma.go.gov.br\/site\/wp-content\/uploads\/2023\/02\/Ata-n\u00ba009-2022-CONSELHO-CURADOR-24-08-2022.pdf\">Ata n\u00ba009\/2022  Conselho Curador 24-08-2022 <\/a><\/li>\n\n\n\n<li><a href=\"http:\/\/ipasma.go.gov.br\/site\/wp-content\/uploads\/2023\/02\/Ata-n\u00ba008-2022-CONSELHO-CURADOR-02-08-2022.pdf\">Ata n\u00ba008\/2022 Conselho Curador 02-08-2022<\/a><\/li>\n\n\n\n<li><a href=\"http:\/\/ipasma.go.gov.br\/site\/wp-content\/uploads\/2022\/09\/Ata-Curador-07-22-28-06-2022_000015.pdf\">Ata n\u00ba07\/2022 da Reuni\u00e3o dia 28-06-2022<\/a><\/li>\n\n\n\n<li><a href=\"http:\/\/ipasma.go.gov.br\/site\/wp-content\/uploads\/2022\/09\/Ata-Curador-06-22-01-06-2022_000014.pdf\">Ata n\u00ba06\/2022 da Reuni\u00e3o dia 01-06-2022<\/a><\/li>\n\n\n\n<li><a href=\"http:\/\/ipasma.go.gov.br\/site\/wp-content\/uploads\/2022\/09\/Ata-Curador-05-22-27-04-2022_000013.pdf\">Ata n\u00ba05\/2022 da Reuni\u00e3o dia 27-04-2022 <\/a><\/li>\n\n\n\n<li><a href=\"http:\/\/ipasma.go.gov.br\/site\/wp-content\/uploads\/2022\/09\/Ata-Curador-04-22-30-03-2022_000012.pdf\">Ata n\u00ba04\/2022 da Reuni\u00e3o dia 30-03-2022  <\/a><\/li>\n\n\n\n<li><a href=\"http:\/\/ipasma.go.gov.br\/site\/wp-content\/uploads\/2022\/09\/Ata-Curador-03-22-14-03-2022_000011.pdf\">Ata n\u00ba03\/2022 da Reuni\u00e3o dia 14-03-2022<\/a><\/li>\n\n\n\n<li><a href=\"http:\/\/ipasma.go.gov.br\/site\/wp-content\/uploads\/2022\/09\/Ata-Curador-02-22-23-02-2022_000010.pdf\">Ata n\u00ba02\/2022 da Reuni\u00e3o dia 23-02-2022 <\/a><\/li>\n\n\n\n<li><a href=\"http:\/\/ipasma.go.gov.br\/site\/wp-content\/uploads\/2022\/09\/Ata-Curador-01-22-26-01-2022_000009.pdf\">Ata n\u00ba01\/2022 da Reuni\u00e3o dia 26-01-2022<\/a><\/li>\n\n\n\n<li><a rel=\"noreferrer noopener\" aria-label=\" Ata da Reuni\u00e3o dia 26\/01\/2022 (abre em uma nova aba)\" href=\"http:\/\/ipasma.go.gov.br\/site\/wp-content\/uploads\/2022\/02\/2022-01-26-Atas-Conselho-Curador.pdf\" target=\"_blank\"> Ata da Reuni\u00e3o dia 26\/01\/2022<\/a><\/li>\n\n\n\n<li><a rel=\"noreferrer noopener\" aria-label=\"Ata da Reuni\u00e3o dia 15\/12\/2021 (abre em uma nova aba)\" href=\"http:\/\/ipasma.go.gov.br\/site\/wp-content\/uploads\/2022\/02\/2021-12-15-Atas-Conselho-Curador.pdf\" target=\"_blank\">Ata da Reuni\u00e3o dia 15\/12\/2021<\/a><\/li>\n\n\n\n<li><a rel=\"noreferrer noopener\" aria-label=\"Ata da Reuni\u00e3o dia 30\/11\/2021 (abre em uma nova aba)\" href=\"http:\/\/ipasma.go.gov.br\/site\/wp-content\/uploads\/2022\/02\/2021-11-30-Atas-Conselho-Curador.pdf\" target=\"_blank\">Ata da Reuni\u00e3o dia 30\/11\/2021<\/a><\/li>\n\n\n\n<li><a rel=\"noreferrer noopener\" aria-label=\"Ata da Reuni\u00e3o dia 16\/11\/2021 (abre em uma nova aba)\" href=\"http:\/\/ipasma.go.gov.br\/site\/wp-content\/uploads\/2022\/02\/2021-11-16-Atas-Conselho-Curador.pdf\" target=\"_blank\">Ata da Reuni\u00e3o dia 16\/11\/2021<\/a><\/li>\n\n\n\n<li><a rel=\"noreferrer noopener\" aria-label=\"Ata da Reuni\u00e3o dia 22\/09\/2021 (abre em uma nova aba)\" href=\"http:\/\/ipasma.go.gov.br\/site\/wp-content\/uploads\/2022\/02\/2021-09-22-Atas-Conselho-Curador.pdf\" target=\"_blank\">Ata da Reuni\u00e3o dia 22\/09\/2021<\/a><\/li>\n\n\n\n<li><a rel=\"noreferrer noopener\" aria-label=\"Ata da Reuni\u00e3o dia 31\/08\/2021 (abre em uma nova aba)\" href=\"http:\/\/ipasma.go.gov.br\/site\/wp-content\/uploads\/2022\/02\/2021-08-31-Atas-Conselho-Curador.pdf\" target=\"_blank\">Ata da Reuni\u00e3o dia 31\/08\/2021<\/a><\/li>\n\n\n\n<li><a rel=\"noreferrer noopener\" aria-label=\"Ata da Reuni\u00e3o dia 20\/07\/2021 (abre em uma nova aba)\" href=\"http:\/\/ipasma.go.gov.br\/site\/wp-content\/uploads\/2022\/02\/2021-07-20-Atas-Conselho-Curador.pdf\" target=\"_blank\">Ata da Reuni\u00e3o dia 20\/07\/2021<\/a><\/li>\n\n\n\n<li><a rel=\"noreferrer noopener\" aria-label=\"Ata da Reuni\u00e3o dia 28\/06\/2021 (abre em uma nova aba)\" href=\"http:\/\/ipasma.go.gov.br\/site\/wp-content\/uploads\/2022\/02\/2021-06-28-Atas-Conselho-Curador.pdf\" target=\"_blank\">Ata da Reuni\u00e3o dia 28\/06\/2021<\/a><\/li>\n\n\n\n<li><a rel=\"noreferrer noopener\" aria-label=\"Ata da Reuni\u00e3o dia 25\/05\/2021 (abre em uma nova aba)\" href=\"http:\/\/ipasma.go.gov.br\/site\/wp-content\/uploads\/2022\/02\/2021-05-25-Atas-Conselho-Curador.pdf\" target=\"_blank\">Ata da Reuni\u00e3o dia 25\/05\/2021<\/a><\/li>\n\n\n\n<li><a rel=\"noreferrer noopener\" aria-label=\"Ata da Reuni\u00e3o dia 19\/04\/2021 (abre em uma nova aba)\" href=\"http:\/\/ipasma.go.gov.br\/site\/wp-content\/uploads\/2022\/02\/2021-04-19-Atas-Conselho-Curador.pdf\" target=\"_blank\">Ata da Reuni\u00e3o dia 19\/04\/2021<\/a><\/li>\n\n\n\n<li><a rel=\"noreferrer noopener\" aria-label=\"Ata da Reuni\u00e3o dia 23\/03\/2021 (abre em uma nova aba)\" href=\"http:\/\/ipasma.go.gov.br\/site\/wp-content\/uploads\/2022\/02\/2021-03-23-Atas-Conselho-Curador.pdf\" target=\"_blank\">Ata da Reuni\u00e3o dia 23\/03\/2021<\/a><\/li>\n\n\n\n<li><a rel=\"noreferrer noopener\" aria-label=\"Ata da Reuni\u00e3o dia 02\/03\/2021 (abre em uma nova aba)\" href=\"http:\/\/ipasma.go.gov.br\/site\/wp-content\/uploads\/2022\/02\/2021-03-02-Atas-Conselho-Curador.pdf\" target=\"_blank\">Ata da Reuni\u00e3o dia 02\/03\/2021<\/a><\/li>\n\n\n\n<li><a href=\"http:\/\/ipasma.go.gov.br\/site\/wp-content\/uploads\/2021\/04\/20-01-2021.pdf\">Ata da Reuni\u00e3o dia 20-01-2021<\/a> <\/li>\n\n\n\n<li><a href=\"http:\/\/ipasma.go.gov.br\/site\/wp-content\/uploads\/2021\/04\/16-12-2020.pdf\">Ata da Reuni\u00e3o dia 16-12-2020<\/a> <\/li>\n\n\n\n<li><a href=\"http:\/\/ipasma.go.gov.br\/site\/wp-content\/uploads\/2021\/04\/26-11-2020.pdf\">Ata da Reuni\u00e3o dia 26-11-2020<\/a> <\/li>\n\n\n\n<li><a href=\"http:\/\/ipasma.go.gov.br\/site\/wp-content\/uploads\/2021\/04\/20-10-2020.pdf\">Ata da Reuni\u00e3o dia 20-10-2020<\/a> <\/li>\n\n\n\n<li><a href=\"http:\/\/ipasma.go.gov.br\/site\/wp-content\/uploads\/2021\/04\/22-09-2020.pdf\">Ata da Reuni\u00e3o dia 22-09-2020<\/a> <\/li>\n\n\n\n<li><a href=\"http:\/\/ipasma.go.gov.br\/site\/wp-content\/uploads\/2021\/04\/25-08-2020.pdf\">Ata da Reuni\u00e3o dia 25-08-2020<\/a> <\/li>\n\n\n\n<li><a href=\"http:\/\/ipasma.go.gov.br\/site\/wp-content\/uploads\/2021\/04\/21-07-2020.pdf\">Ata da Reuni\u00e3o dia 21-07-2020<\/a> <\/li>\n\n\n\n<li><a href=\"http:\/\/ipasma.go.gov.br\/site\/wp-content\/uploads\/2021\/04\/10-06-2020.pdf\">Ata da Reuni\u00e3o dia 10-06-2020<\/a> <\/li>\n\n\n\n<li><a href=\"http:\/\/ipasma.go.gov.br\/site\/wp-content\/uploads\/2021\/04\/19-05-2020.pdf\">Ata da Reuni\u00e3o dia 19-05-2020<\/a><br><\/li>\n\n\n\n<li><a href=\"http:\/\/ipasma.go.gov.br\/site\/wp-content\/uploads\/2020\/05\/curador-21-01-2020.pdf\">Ata da reuni\u00e3o ordin\u00e1ria do dia 21-01-2020<\/a> <\/li>\n\n\n\n<li><a href=\"http:\/\/ipasma.go.gov.br\/site\/wp-content\/uploads\/2020\/05\/curador-18-12-2019.pdf\">Ata da reuni\u00e3o ordin\u00e1ria do dia 18-12-2019<\/a> <\/li>\n\n\n\n<li><a href=\"http:\/\/ipasma.go.gov.br\/site\/wp-content\/uploads\/2020\/05\/curador-19-11-2019.pdf\">Ata da reuni\u00e3o ordin\u00e1ria do dia 19-11-2019<\/a> <\/li>\n\n\n\n<li><a href=\"http:\/\/ipasma.go.gov.br\/site\/wp-content\/uploads\/2020\/05\/curador-22-10-2019.pdf\">Ata da reuni\u00e3o ordin\u00e1ria do dia 22-10-2019<\/a> <\/li>\n\n\n\n<li><a rel=\"noreferrer noopener\" href=\"http:\/\/ipasma.go.gov.br\/site\/wp-content\/uploads\/2019\/10\/curador-01-10-2019.pdf\" target=\"_blank\">Ata da reuni\u00e3o extraordin\u00e1ria do dia 01-10-2019<\/a> <\/li>\n\n\n\n<li><a href=\"http:\/\/ipasma.go.gov.br\/site\/wp-content\/uploads\/2020\/05\/curador-19-09-2019.pdf\">Ata da reuni\u00e3o ordin\u00e1ria do dia 19-09-2019<\/a> <\/li>\n\n\n\n<li><a rel=\"noreferrer noopener\" href=\"http:\/\/ipasma.go.gov.br\/site\/wp-content\/uploads\/2019\/10\/curador-20-08-2019.pdf\" target=\"_blank\">Ata da reuni\u00e3o ordin\u00e1ria do dia 20-08-2019<\/a> <\/li>\n\n\n\n<li><a rel=\"noreferrer noopener\" href=\"http:\/\/ipasma.go.gov.br\/site\/wp-content\/uploads\/2019\/10\/curador-23-07-2019.pdf\" target=\"_blank\">Ata da reuni\u00e3o ordin\u00e1ria do dia 23-07-2019<\/a> <\/li>\n\n\n\n<li><a rel=\"noreferrer noopener\" href=\"http:\/\/ipasma.go.gov.br\/site\/wp-content\/uploads\/2019\/10\/curador-18-06-2019.pdf\" target=\"_blank\">Ata da reuni\u00e3o ordin\u00e1ria do dia 18-06-2019<\/a> <\/li>\n\n\n\n<li><a rel=\"noreferrer noopener\" href=\"http:\/\/ipasma.go.gov.br\/site\/wp-content\/uploads\/2019\/07\/curador-21-05-2019.pdf\" target=\"_blank\">Ata da reuni\u00e3o ordin\u00e1ria do dia 21-05-2019<\/a> <\/li>\n\n\n\n<li><a rel=\"noreferrer noopener\" href=\"http:\/\/ipasma.go.gov.br\/site\/wp-content\/uploads\/2019\/07\/curador-23-04-2019.pdf\" target=\"_blank\">Ata da reuni\u00e3o ordin\u00e1ria do dia 23-04-2019<\/a> <\/li>\n\n\n\n<li><a rel=\"noreferrer noopener\" href=\"http:\/\/ipasma.go.gov.br\/site\/wp-content\/uploads\/2019\/07\/curador-19-03-2019.pdf\" target=\"_blank\">Ata da reuni\u00e3o ordin\u00e1ria do dia 19-03-2019<\/a> <\/li>\n\n\n\n<li><a rel=\"noreferrer noopener\" href=\"http:\/\/ipasma.go.gov.br\/site\/wp-content\/uploads\/2019\/07\/curador13-03-2019.pdf\" target=\"_blank\">Ata da reuni\u00e3o extraordin\u00e1ria do dia 13-03-2019<\/a> <\/li>\n\n\n\n<li><a rel=\"noreferrer noopener\" href=\"http:\/\/ipasma.go.gov.br\/site\/wp-content\/uploads\/2019\/07\/curador-20-02-2019.pdf\" target=\"_blank\">Ata da reuni\u00e3o ordin\u00e1ria do dia 20-02-2019<\/a> <\/li>\n\n\n\n<li><a rel=\"noreferrer noopener\" href=\"http:\/\/ipasma.go.gov.br\/site\/wp-content\/uploads\/2019\/02\/curador-22-01-2019.pdf\" target=\"_blank\">Ata da reuni\u00e3o extraordin\u00e1ria do dia 22-01-2019<\/a> <\/li>\n\n\n\n<li><a rel=\"noreferrer noopener\" href=\"http:\/\/ipasma.go.gov.br\/site\/wp-content\/uploads\/2019\/02\/curador-16-01-2019.pdf\" target=\"_blank\">Ata da reuni\u00e3o ordin\u00e1ria do dia 16-01-2019<\/a> <\/li>\n\n\n\n<li><a rel=\"noreferrer noopener\" aria-label=\"Ata da reuni\u00e3o ordin\u00e1ria do dia 18-12-2018 (abre em uma nova aba)\" href=\"http:\/\/ipasma.go.gov.br\/site\/wp-content\/uploads\/2019\/02\/curador-18-12-2018.pdf\" target=\"_blank\">Ata da reuni\u00e3o ordin\u00e1ria do dia 18-12-2018<\/a><\/li>\n<\/ul>\n\n\n\n<p><\/p>\n","protected":false},"excerpt":{"rendered":"<p>O Conselho Curador tem fun\u00e7\u00f5es de delibera\u00e7\u00e3o superior tipificadas no art. 83 da Lei n\u00ba1.874\/2018.<\/p>\n","protected":false},"author":1,"featured_media":0,"parent":0,"menu_order":0,"comment_status":"closed","ping_status":"closed","template":"","meta":{"footnotes":""},"_links":{"self":[{"href":"http:\/\/ipasma.go.gov.br\/site\/wp-json\/wp\/v2\/pages\/79"}],"collection":[{"href":"http:\/\/ipasma.go.gov.br\/site\/wp-json\/wp\/v2\/pages"}],"about":[{"href":"http:\/\/ipasma.go.gov.br\/site\/wp-json\/wp\/v2\/types\/page"}],"author":[{"embeddable":true,"href":"http:\/\/ipasma.go.gov.br\/site\/wp-json\/wp\/v2\/users\/1"}],"replies":[{"embeddable":true,"href":"http:\/\/ipasma.go.gov.br\/site\/wp-json\/wp\/v2\/comments?post=79"}],"version-history":[{"count":69,"href":"http:\/\/ipasma.go.gov.br\/site\/wp-json\/wp\/v2\/pages\/79\/revisions"}],"predecessor-version":[{"id":2316,"href":"http:\/\/ipasma.go.gov.br\/site\/wp-json\/wp\/v2\/pages\/79\/revisions\/2316"}],"wp:attachment":[{"href":"http:\/\/ipasma.go.gov.br\/site\/wp-json\/wp\/v2\/media?parent=79"}],"curies":[{"name":"wp","href":"https:\/\/api.w.org\/{rel}","templated":true}]}}