{"id":81,"date":"2019-01-20T22:47:35","date_gmt":"2019-01-21T00:47:35","guid":{"rendered":"http:\/\/ipasma.go.gov.br\/site\/?page_id=81"},"modified":"2026-02-13T15:31:53","modified_gmt":"2026-02-13T18:31:53","slug":"atas-conselho-fiscal","status":"publish","type":"page","link":"http:\/\/ipasma.go.gov.br\/site\/atas-conselho-fiscal\/","title":{"rendered":"Atas do Conselho Fiscal"},"content":{"rendered":"\n<p> O <strong><a href=\"http:\/\/ipasma.go.gov.br\/site\/estrutura-organizacional\/\" target=\"_blank\" rel=\"noreferrer noopener\" aria-label=\"Conselho Fiscal (abre em uma nova aba)\">Conselho Fiscal<\/a>&nbsp;<\/strong>tem fun\u00e7\u00f5es de fiscaliza\u00e7\u00e3o e verifica\u00e7\u00e3o de contas tipificadas no art. 87 da <a rel=\"noreferrer noopener\" href=\"http:\/\/ipasma.go.gov.br\/site\/wp-content\/uploads\/2019\/01\/lei-1.874-2018.pdf\" target=\"_blank\">Lei n\u00ba1.874\/2018<\/a>. <\/p>\n\n\n\n<ul>\n<li><a href=\"http:\/\/ipasma.go.gov.br\/site\/wp-content\/uploads\/2026\/02\/Ata-no002-2026-Conselho-Fiscal.pdf\">Ata n\u00ba02\/2026 de 13-02-2026<\/a><\/li>\n\n\n\n<li><a href=\"http:\/\/ipasma.go.gov.br\/site\/wp-content\/uploads\/2026\/02\/Ata-no001-2026-Conselho-Fiscal.pdf\">Ata n\u00ba01\/2026 de 12-02-2026<\/a><\/li>\n\n\n\n<li><a href=\"http:\/\/ipasma.go.gov.br\/site\/wp-content\/uploads\/2025\/12\/Ata-no012-2025-Conselho-Fiscal.pdf\">Ata n\u00ba12\/2025 de 15-12-2025<\/a><\/li>\n\n\n\n<li><a href=\"http:\/\/ipasma.go.gov.br\/site\/wp-content\/uploads\/2025\/12\/Ata-no011-2025-Conselho-Fiscal.pdf\">Ata n\u00ba11\/2025 de 06-11-2025<\/a><\/li>\n\n\n\n<li><a href=\"http:\/\/ipasma.go.gov.br\/site\/wp-content\/uploads\/2025\/12\/Ata-no010-2025-Conselho-Fiscal.pdf\">Ata n\u00ba10\/2025 de 13-10-2025<\/a><\/li>\n\n\n\n<li><a href=\"http:\/\/ipasma.go.gov.br\/site\/wp-content\/uploads\/2025\/09\/Ata-no009-2025-Conselho-Fiscal.pdf\">Ata n\u00ba09\/2025 de 22-09-2025<\/a><\/li>\n\n\n\n<li><a href=\"https:\/\/ipasma.go.gov.br\/site\/wp-content\/uploads\/2025\/08\/Ata-no008-2025-Conselho-Fiscal.pdf\">Ata n\u00ba08\/2025 de 12-08-2025<\/a><\/li>\n\n\n\n<li><a href=\"https:\/\/ipasma.go.gov.br\/site\/wp-content\/uploads\/2025\/07\/Ata-no007-2025-Conselho-Fiscal.pdf\">Ata n\u00ba07\/2025 de 15-07-2025<\/a><\/li>\n\n\n\n<li><a href=\"https:\/\/ipasma.go.gov.br\/site\/wp-content\/uploads\/2025\/06\/Ata-no006-2025-Conselho-Fiscal.pdf\">Ata n\u00ba06\/2025 de 06-06-2025<\/a><\/li>\n\n\n\n<li><a href=\"https:\/\/ipasma.go.gov.br\/site\/wp-content\/uploads\/2025\/05\/Ata-no005-2025.pdf\">Ata n\u00ba05\/2025 de 07-05-2025<\/a><\/li>\n\n\n\n<li><a href=\"https:\/\/ipasma.go.gov.br\/site\/wp-content\/uploads\/2025\/03\/Ata-no004-2025-Conselho-Fiscal.pdf\">Ata n\u00ba04\/2025 de 31-03-2025<\/a><\/li>\n\n\n\n<li><a href=\"https:\/\/ipasma.go.gov.br\/site\/wp-content\/uploads\/2025\/03\/Ata-no003-2025-fiscal.pdf\">Ata n\u00ba03\/2025 de 21-03-2025<\/a><\/li>\n\n\n\n<li><a href=\"https:\/\/ipasma.go.gov.br\/site\/wp-content\/uploads\/2025\/01\/Ata-no002-2025-Conselho-Fiscal_000373.pdf\" data-type=\"attachment\" data-id=\"2104\">Ata n\u00ba02\/2025 de 29-01-2025<\/a><\/li>\n\n\n\n<li><a href=\"https:\/\/ipasma.go.gov.br\/site\/wp-content\/uploads\/2025\/01\/Ata-no001-2025-Conselho-Fiscal_000178.pdf\">Ata n\u00ba01\/2025 de 10-01-2025<\/a><\/li>\n\n\n\n<li><a href=\"https:\/\/ipasma.go.gov.br\/site\/wp-content\/uploads\/2024\/12\/Ata-no13-2024-de-10-12-2024_000132.pdf\">Ata n\u00ba13\/2024 de 10-12-2024<\/a><\/li>\n\n\n\n<li><a href=\"https:\/\/ipasma.go.gov.br\/site\/wp-content\/uploads\/2024\/12\/ATA-012-2024-Conselho-Fiscal_000116.pdf\">Ata n\u00ba12\/2024 de 03-12-2024<\/a><\/li>\n\n\n\n<li><a href=\"https:\/\/ipasma.go.gov.br\/site\/wp-content\/uploads\/2024\/12\/ATA-011-2024-Conselho-Fiscal_000118.pdf\">Ata n\u00ba11\/2024 de 07-11-2024<\/a><\/li>\n\n\n\n<li><a href=\"https:\/\/ipasma.go.gov.br\/site\/wp-content\/uploads\/2024\/11\/Ata-no010-2024-Conselho-Fiscal_000083.pdf\">Ata n\u00ba10\/2024 de 17-08-2024<\/a><\/li>\n\n\n\n<li><a href=\"https:\/\/ipasma.go.gov.br\/site\/wp-content\/uploads\/2024\/11\/Ata-no009-2024-Conselho-Fiscal_000082.pdf\">Ata n\u00ba09\/2024 de 17-09-2024<\/a><\/li>\n\n\n\n<li><a href=\"https:\/\/ipasma.go.gov.br\/site\/wp-content\/uploads\/2024\/11\/Ata-008-conselho-Fiscal-2024_000032.pdf\">Ata n\u00ba08\/2024 de 07-08-2024<\/a><\/li>\n\n\n\n<li><a href=\"https:\/\/ipasma.go.gov.br\/site\/wp-content\/uploads\/2024\/07\/ATA-007-2024-Fiscal.pdf\">Ata n\u00ba07\/2024 de 02-07-2024<\/a><\/li>\n\n\n\n<li><a href=\"https:\/\/ipasma.go.gov.br\/site\/wp-content\/uploads\/2024\/07\/ATA-006-2024-Fiscal.pdf\">Ata n\u00ba06\/2024 de 10-06-2024<\/a><\/li>\n\n\n\n<li><a href=\"http:\/\/ipasma.go.gov.br\/site\/wp-content\/uploads\/2024\/04\/Ata-no005-2024-Conselho-Fiscal_001244.pdf\">Ata n\u00ba05\/2024 de 30-04-2024<\/a><\/li>\n\n\n\n<li><a href=\"http:\/\/ipasma.go.gov.br\/site\/wp-content\/uploads\/2024\/04\/Ata-no004-2024-Conselho-Fiscal_001243.pdf\">Ata n\u00ba04\/2024 de 30-04-2024<\/a><\/li>\n\n\n\n<li><a href=\"http:\/\/ipasma.go.gov.br\/site\/wp-content\/uploads\/2024\/03\/Ata-003-Conselho-Fiscal_001176.pdf\">Ata n\u00ba03\/2024 de 13-03-2024<\/a><\/li>\n\n\n\n<li><a href=\"http:\/\/ipasma.go.gov.br\/site\/wp-content\/uploads\/2024\/01\/Ata-002-2024-Conselho-Fiscal_001077.pdf\">Ata n\u00ba02\/2024 de 30-01-2024<\/a><\/li>\n\n\n\n<li><a href=\"http:\/\/ipasma.go.gov.br\/site\/wp-content\/uploads\/2024\/01\/Ata-001-2024-Conselho-Fiscal_001076.pdf\">Ata n\u00ba01\/2024 de 29-01-2024<\/a><\/li>\n\n\n\n<li><a rel=\"noreferrer noopener\" href=\"http:\/\/ipasma.go.gov.br\/site\/wp-content\/uploads\/2023\/12\/Ata-no013-2023-Conselho-Fiscal_001011.pdf\" target=\"_blank\">Ata n\u00b013\/2023 de 14-12-2023<\/a><\/li>\n\n\n\n<li><a href=\"http:\/\/ipasma.go.gov.br\/site\/wp-content\/uploads\/2023\/11\/Ata-no012-Conselho-Fiscal_000902.pdf\">Ata n\u00ba12\/2023 de 06-11-2023<\/a><\/li>\n\n\n\n<li><a href=\"http:\/\/ipasma.go.gov.br\/site\/wp-content\/uploads\/2023\/11\/Ata-no011-Conselho-Fiscal_000901.pdf\">Ata n\u00ba11\/2023 de 30-10-2023<\/a><\/li>\n\n\n\n<li><a href=\"http:\/\/ipasma.go.gov.br\/site\/wp-content\/uploads\/2023\/09\/Ata-010-Conselho-Fiscal_000807.pdf\">Ata n\u00ba10\/2023 de 12-09-2023<\/a><\/li>\n\n\n\n<li><a href=\"http:\/\/ipasma.go.gov.br\/site\/wp-content\/uploads\/2023\/08\/Ata-n\u00ba009-2023-Conselho-Fiscal_000749.pdf\">Ata n\u00ba09\/2023 de 08-08-2023<\/a><\/li>\n\n\n\n<li><a rel=\"noreferrer noopener\" aria-label=\"Ata n\u00ba08\/2023  de 26-07-2023   \u2028 (abre em uma nova aba)\" href=\"http:\/\/ipasma.go.gov.br\/site\/wp-content\/uploads\/2023\/07\/Ata-n\u00ba008-Conselho-Fiscal_000720.pdf\" target=\"_blank\">Ata n\u00ba08\/2023  de 26-07-2023<\/a><\/li>\n\n\n\n<li><a rel=\"noreferrer noopener\" aria-label=\"Ata n\u00ba07\/2023  de 25-07-2023    (abre em uma nova aba)\" href=\"http:\/\/ipasma.go.gov.br\/site\/wp-content\/uploads\/2023\/07\/Ata-n\u00ba007-Conselho-Fiscal_000719.pdf\" target=\"_blank\">Ata n\u00ba07\/2023  de 25-07-2023<\/a><\/li>\n\n\n\n<li><a href=\"http:\/\/ipasma.go.gov.br\/site\/wp-content\/uploads\/2023\/07\/Ata-n\u00ba006-Conselho-Fiscal_000721-1.pdf\">Ata n\u00ba06\/2023  de 12-07-2023<\/a><\/li>\n\n\n\n<li><a href=\"http:\/\/ipasma.go.gov.br\/site\/wp-content\/uploads\/2023\/07\/Ata-n\u00ba005-Conselho-Fiscal_000723.pdf\">Ata n\u00ba05\/2023  de 14-06-2023<\/a><\/li>\n\n\n\n<li><a href=\"http:\/\/ipasma.go.gov.br\/site\/wp-content\/uploads\/2023\/05\/ata-004-Conselho-Fiscal_000575.pdf\">Ata n\u00ba04\/2023  da reuni\u00e3o ordin\u00e1ria 23-05-2023<\/a><\/li>\n\n\n\n<li><a rel=\"noreferrer noopener\" aria-label=\" Ata da reuni\u00e3o ordin\u00e1ria 23-03-2023   (abre em uma nova aba)\" href=\"http:\/\/ipasma.go.gov.br\/site\/wp-content\/uploads\/2023\/03\/Ata-n\u00ba03-2023-Conselho-Fiscal_000436-1.pdf\" target=\"_blank\">Ata n\u00ba03\/2023 da reuni\u00e3o ordin\u00e1ria 23-03-2023  <\/a><\/li>\n\n\n\n<li> <a rel=\"noreferrer noopener\" href=\"http:\/\/ipasma.go.gov.br\/site\/wp-content\/uploads\/2023\/02\/Ata-Conselho-Fiscal-_000341.pdf\" target=\"_blank\">Ata n\u00ba02\/2023 da reuni\u00e3o ordin\u00e1ria 10-02-2023 <\/a><\/li>\n\n\n\n<li><a rel=\"noreferrer noopener\" href=\"http:\/\/ipasma.go.gov.br\/site\/wp-content\/uploads\/2023\/02\/ata-Conselho-Fiscal_000330.pdf\" target=\"_blank\">Ata n\u00ba01\/2023  da reuni\u00e3o ordin\u00e1ria 02-02-2023<\/a><\/li>\n\n\n\n<li><a href=\"http:\/\/ipasma.go.gov.br\/site\/wp-content\/uploads\/2022\/12\/ATA-CONSELHO-FISCAL_000185.pdf\">Ata da reuni\u00e3o ordin\u00e1ria 07-12-2022<\/a><\/li>\n\n\n\n<li><a href=\"http:\/\/ipasma.go.gov.br\/site\/wp-content\/uploads\/2022\/11\/Ata-Conselho-Fiscal-021-2022_000122.pdf\">Ata da reuni\u00e3o ordin\u00e1ria 04-11-2022 <\/a><\/li>\n\n\n\n<li><a href=\"http:\/\/ipasma.go.gov.br\/site\/wp-content\/uploads\/2022\/09\/ATA-CONSELHO-FISCAL-29-09-2022_000047-1.pdf\">Ata da reuni\u00e3o ordin\u00e1ria 29-09-2022 <\/a><\/li>\n\n\n\n<li><a href=\"http:\/\/ipasma.go.gov.br\/site\/wp-content\/uploads\/2022\/09\/Ata-n\u00ba019-conselho-fiscal_000022.pdf\"> Ata da reuni\u00e3o ordin\u00e1ria 14-09-2022<\/a><\/li>\n\n\n\n<li><a href=\"http:\/\/ipasma.go.gov.br\/site\/wp-content\/uploads\/2022\/09\/Ata-n\u00ba018-conselho-fiscal_000021.pdf\">Ata da reuni\u00e3o ordin\u00e1ria 08-09-2022<\/a><\/li>\n\n\n\n<li><a rel=\"noreferrer noopener\" aria-label=\" (abre em uma nova aba)\" href=\"http:\/\/ipasma.go.gov.br\/site\/wp-content\/uploads\/2022\/09\/Ata-n\u00ba017-2022-Conselho-Fiscal_000015.pdf\" target=\"_blank\">Ata da reuni\u00e3o ordin\u00e1ria 06-09-2022<\/a><\/li>\n\n\n\n<li><a rel=\"noreferrer noopener\" href=\"http:\/\/ipasma.go.gov.br\/site\/wp-content\/uploads\/2022\/08\/Ata-Conselho-Fiscal_000307.pdf\" target=\"_blank\">Ata da reuni\u00e3o ordin\u00e1ria 13-07-2022<\/a><\/li>\n\n\n\n<li><a href=\"http:\/\/ipasma.go.gov.br\/site\/wp-content\/uploads\/2022\/05\/Ata-Conselho-Fiscal_000156.pdf\">Ata da reuni\u00e3o ordin\u00e1ria 12-05-2022 <\/a><\/li>\n\n\n\n<li><a href=\"http:\/\/ipasma.go.gov.br\/site\/wp-content\/uploads\/2022\/04\/Ata-Conselho-Fiscal_000119.pdf\">Ata da reuni\u00e3o ordin\u00e1ria 07-04-2022 <\/a><\/li>\n\n\n\n<li><a href=\"http:\/\/ipasma.go.gov.br\/site\/wp-content\/uploads\/2022\/03\/Ata-conselho-fiscal.pdf\">Ata da reuni\u00e3o ordin\u00e1ria 16-03-2022<\/a><\/li>\n\n\n\n<li><a href=\"http:\/\/ipasma.go.gov.br\/site\/wp-content\/uploads\/2022\/02\/ata-12-conselho-fiscal_000017.pdf\">Ata da reuni\u00e3o ordin\u00e1ria 02-02-2022<\/a><\/li>\n\n\n\n<li><a href=\"http:\/\/ipasma.go.gov.br\/site\/wp-content\/uploads\/2021\/12\/ata-n%C2%BA11-conselho-fiscal_000119.pdf\">Ata da reuni\u00e3o ordin\u00e1ria 14-12-2021<\/a><\/li>\n\n\n\n<li><a href=\"http:\/\/ipasma.go.gov.br\/site\/wp-content\/uploads\/2021\/12\/Ata-n\u00ba10-Conselho-Fiscal_000069.pdf\">Ata da reuni\u00e3o ordin\u00e1ria 01-12-2021<\/a><\/li>\n\n\n\n<li><a href=\"http:\/\/ipasma.go.gov.br\/site\/wp-content\/uploads\/2021\/12\/Ata-n%C2%BA09-Conselho-Fiscal_000068.pdf\">Ata da reuni\u00e3o ordin\u00e1ria 30-11-2021<\/a><\/li>\n\n\n\n<li><a href=\"http:\/\/ipasma.go.gov.br\/site\/wp-content\/uploads\/2021\/10\/Ata-Conselho-Fiscal-n%C2%BA08-2021.pdf\">Ata da reuni\u00e3o ordin\u00e1ria 07-10-2021<\/a><\/li>\n\n\n\n<li><a href=\"http:\/\/ipasma.go.gov.br\/site\/wp-content\/uploads\/2021\/09\/Ata-n\u00ba007-2021-Conselho-Fiscal.pdf\">Ata da reuni\u00e3o ordin\u00e1ria 16-09-2021<\/a><\/li>\n\n\n\n<li><a href=\"http:\/\/ipasma.go.gov.br\/site\/wp-content\/uploads\/2021\/09\/FISCAL-Ata-Conselho-Fiscal-09-08-2021.pdf\">Ata da reuni\u00e3o ordin\u00e1ria 09-08-2021<\/a><\/li>\n\n\n\n<li><a rel=\"noreferrer noopener\" aria-label=\" Ata da reuni\u00e3o ordin\u00e1ria 09-07-2021  (abre em uma nova aba)\" href=\"http:\/\/ipasma.go.gov.br\/site\/wp-content\/uploads\/2021\/07\/Ata-e-certid\u00e3o-de-maio-de-2021.pdf\" target=\"_blank\">Ata da reuni\u00e3o ordin\u00e1ria 09-07-2021 <\/a><\/li>\n\n\n\n<li><a rel=\"noreferrer noopener\" aria-label=\" Ata da reuni\u00e3o ordin\u00e1ria 10-06-2021  (abre em uma nova aba)\" href=\"http:\/\/ipasma.go.gov.br\/site\/wp-content\/uploads\/2021\/07\/ATA-e-Certid\u00e3o-Abril-de-2021.pdf\" target=\"_blank\">Ata da reuni\u00e3o ordin\u00e1ria 10-06-2021 <\/a><\/li>\n\n\n\n<li><a href=\"http:\/\/ipasma.go.gov.br\/site\/wp-content\/uploads\/2021\/05\/Ata-Conselho-Fiscal.pdf\">Ata da reuni\u00e3o ordin\u00e1ria 18-05-2021<\/a><\/li>\n\n\n\n<li><a href=\"http:\/\/ipasma.go.gov.br\/site\/wp-content\/uploads\/2021\/05\/Ata-02-2021-CF-Ipasma.pdf\">Ata da reuni\u00e3o ordin\u00e1ria 30-04-2021<\/a><\/li>\n\n\n\n<li><a href=\"http:\/\/ipasma.go.gov.br\/site\/wp-content\/uploads\/2021\/04\/Ata-01-2021-Conselho-Fiscal.pdf\">Ata da reuni\u00e3o ordin\u00e1ria 09-04-2021<\/a><\/li>\n\n\n\n<li><a href=\"http:\/\/ipasma.go.gov.br\/site\/wp-content\/uploads\/2021\/04\/26-03-2021.pdf\">Ata da reuni\u00e3o ordin\u00e1ria 26-03-2021 <\/a><\/li>\n\n\n\n<li><a href=\"http:\/\/ipasma.go.gov.br\/site\/wp-content\/uploads\/2021\/04\/18-03-2021.pdf\">Ata da reuni\u00e3o ordin\u00e1ria 18-03-2021<\/a><\/li>\n\n\n\n<li><a href=\"http:\/\/ipasma.go.gov.br\/site\/wp-content\/uploads\/2021\/04\/21-01-2021.pdf\">Ata da reuni\u00e3o ordin\u00e1ria 21-01-2021 <\/a><\/li>\n\n\n\n<li><a href=\"http:\/\/ipasma.go.gov.br\/site\/wp-content\/uploads\/2021\/04\/03-12-2020.pdf\">Ata da reuni\u00e3o ordin\u00e1ria 03-12-2020<\/a><\/li>\n\n\n\n<li><a href=\"http:\/\/ipasma.go.gov.br\/site\/wp-content\/uploads\/2021\/04\/27-11-2020.pdf\">Ata da reuni\u00e3o ordin\u00e1ria 27-11-2020 <\/a><\/li>\n\n\n\n<li><a href=\"http:\/\/ipasma.go.gov.br\/site\/wp-content\/uploads\/2021\/04\/14-09-2020.pdf\"> Ata da reuni\u00e3o ordin\u00e1ria 14-09-2020<\/a><\/li>\n\n\n\n<li><a href=\"http:\/\/ipasma.go.gov.br\/site\/wp-content\/uploads\/2021\/04\/28-08-2020.pdf\">Ata da reuni\u00e3o ordin\u00e1ria 28-08-2020 <\/a><\/li>\n\n\n\n<li><a href=\"http:\/\/ipasma.go.gov.br\/site\/wp-content\/uploads\/2021\/04\/29-06-2020.pdf\">Ata da reuni\u00e3o ordin\u00e1ria 29-06-2020<\/a><\/li>\n\n\n\n<li><a href=\"http:\/\/ipasma.go.gov.br\/site\/wp-content\/uploads\/2021\/04\/13-05-2020.pdf\">Ata da reuni\u00e3o ordin\u00e1ria 13-05-2020<\/a><\/li>\n\n\n\n<li><a href=\"http:\/\/ipasma.go.gov.br\/site\/wp-content\/uploads\/2021\/04\/20-01-2020.pdf\">Ata da reuni\u00e3o ordin\u00e1ria 20-01-2020<\/a><\/li>\n\n\n\n<li><a href=\"http:\/\/ipasma.go.gov.br\/site\/wp-content\/uploads\/2021\/04\/07-11-2019.pdf\">Ata da reuni\u00e3o ordin\u00e1ria 07-11-2019<\/a><\/li>\n\n\n\n<li><a rel=\"noreferrer noopener\" href=\"http:\/\/ipasma.go.gov.br\/site\/wp-content\/uploads\/2019\/11\/conselho-fiscal-14-08-2019.pdf\" target=\"_blank\">Ata da reuni\u00e3o ordin\u00e1ria 14-08-2019<\/a><\/li>\n\n\n\n<li><a rel=\"noreferrer noopener\" aria-label=\" (abre em uma nova aba)\" href=\"http:\/\/ipasma.go.gov.br\/site\/wp-content\/uploads\/2019\/05\/Reuni\u00e3o-Conselho-Fiscal-07-05-2019.pdf\" target=\"_blank\">Ata da reuni\u00e3o ordin\u00e1ria 07-05-2019<\/a><\/li>\n\n\n\n<li><a rel=\"noreferrer noopener\" href=\"http:\/\/ipasma.go.gov.br\/site\/wp-content\/uploads\/2019\/05\/Conselho-fiscal-21-01-2019.pdf\" target=\"_blank\">Ata da reuni\u00e3o ordin\u00e1ria 21-01-2019<\/a><\/li>\n\n\n\n<li><a rel=\"noreferrer noopener\" href=\"http:\/\/ipasma.go.gov.br\/site\/wp-content\/uploads\/2019\/02\/fiscal-17-01-2019.pdf\" target=\"_blank\">Ata da reuni\u00e3o extraordin\u00e1ria 17-01-2019<\/a><\/li>\n<\/ul>\n","protected":false},"excerpt":{"rendered":"<p>O Conselho Fiscal&nbsp;tem fun\u00e7\u00f5es de fiscaliza\u00e7\u00e3o e verifica\u00e7\u00e3o de contas tipificadas no art. 87 da Lei n\u00ba1.874\/2018.<\/p>\n","protected":false},"author":1,"featured_media":0,"parent":0,"menu_order":0,"comment_status":"closed","ping_status":"closed","template":"","meta":{"footnotes":""},"_links":{"self":[{"href":"http:\/\/ipasma.go.gov.br\/site\/wp-json\/wp\/v2\/pages\/81"}],"collection":[{"href":"http:\/\/ipasma.go.gov.br\/site\/wp-json\/wp\/v2\/pages"}],"about":[{"href":"http:\/\/ipasma.go.gov.br\/site\/wp-json\/wp\/v2\/types\/page"}],"author":[{"embeddable":true,"href":"http:\/\/ipasma.go.gov.br\/site\/wp-json\/wp\/v2\/users\/1"}],"replies":[{"embeddable":true,"href":"http:\/\/ipasma.go.gov.br\/site\/wp-json\/wp\/v2\/comments?post=81"}],"version-history":[{"count":73,"href":"http:\/\/ipasma.go.gov.br\/site\/wp-json\/wp\/v2\/pages\/81\/revisions"}],"predecessor-version":[{"id":2289,"href":"http:\/\/ipasma.go.gov.br\/site\/wp-json\/wp\/v2\/pages\/81\/revisions\/2289"}],"wp:attachment":[{"href":"http:\/\/ipasma.go.gov.br\/site\/wp-json\/wp\/v2\/media?parent=81"}],"curies":[{"name":"wp","href":"https:\/\/api.w.org\/{rel}","templated":true}]}}