{"id":83,"date":"2019-01-20T22:47:54","date_gmt":"2019-01-21T00:47:54","guid":{"rendered":"http:\/\/ipasma.go.gov.br\/site\/?page_id=83"},"modified":"2026-04-22T16:06:56","modified_gmt":"2026-04-22T19:06:56","slug":"atas-comite-de-investimentos","status":"publish","type":"page","link":"http:\/\/ipasma.go.gov.br\/site\/atas-comite-de-investimentos\/","title":{"rendered":"Atas do Comit\u00ea de Investimentos"},"content":{"rendered":"\n<p> O <strong><a href=\"http:\/\/ipasma.go.gov.br\/site\/estrutura-organizacional\/\" target=\"_blank\" rel=\"noreferrer noopener\" aria-label=\"Comit\u00ea de investimentos (abre em uma nova aba)\">Comit\u00ea de investimentos<\/a> <\/strong> \u00e9 o \u00f3rg\u00e3o respons\u00e1vel pelo assessoramento de investimentos dos recursos do IPASMA,  com fun\u00e7\u00f5es tipificadas no art. 92 da <a rel=\"noreferrer noopener\" href=\"http:\/\/ipasma.go.gov.br\/site\/wp-content\/uploads\/2019\/01\/lei-1.874-2018.pdf\" target=\"_blank\">Lei n\u00ba1.874\/2018<\/a>. <\/p>\n\n\n\n<h2 class=\"wp-block-heading\">Atas das Reuni\u00f5es do Comit\u00ea:<\/h2>\n\n\n\n<ul>\n<li><a href=\"https:\/\/ipasma.go.gov.br\/site\/wp-content\/uploads\/2026\/04\/Ata-no004-2026-Comite.pdf\">Ata n\u00ba04\/2026 da reuni\u00e3o ordin\u00e1ria do dia 22\/04\/2026<\/a><\/li>\n\n\n\n<li><a href=\"http:\/\/ipasma.go.gov.br\/site\/wp-content\/uploads\/2026\/03\/ATA-No003-2026-COMITE.pdf\">Ata n\u00ba03\/2026 da reuni\u00e3o ordin\u00e1ria do dia 24\/03\/2026<\/a><\/li>\n\n\n\n<li><a href=\"http:\/\/ipasma.go.gov.br\/site\/wp-content\/uploads\/2026\/02\/Ata-no002-Comite.pdf\">Ata n\u00ba02\/2026 da reuni\u00e3o ordin\u00e1ria do dia 24\/02\/2026<\/a><\/li>\n\n\n\n<li><a href=\"http:\/\/ipasma.go.gov.br\/site\/wp-content\/uploads\/2026\/01\/Ata-no001-2026-Comite.pdf\">Ata n\u00ba01\/2026 da reuni\u00e3o ordin\u00e1ria do dia 19\/01\/2026<\/a><\/li>\n\n\n\n<li><a href=\"http:\/\/ipasma.go.gov.br\/site\/wp-content\/uploads\/2025\/12\/Ata-no012-2025-Comite.pdf\">Ata n\u00ba12\/2025 da reuni\u00e3o ordin\u00e1ria do dia 16\/12\/2025<\/a><\/li>\n\n\n\n<li><a href=\"https:\/\/ipasma.go.gov.br\/site\/wp-content\/uploads\/2025\/11\/ATA-011-Comite-Investimentos-mes-10-2025.pdf\">Ata n\u00ba11\/2025 da reuni\u00e3o ordin\u00e1ria do dia 25\/11\/2025<\/a><\/li>\n\n\n\n<li><a href=\"https:\/\/ipasma.go.gov.br\/site\/wp-content\/uploads\/2025\/10\/aTA-No010-2025-DE-21-10-2025-COMITE.pdf\">Ata n\u00ba10\/2025 da reuni\u00e3o ordin\u00e1ria do dia 21\/10\/2025<\/a><\/li>\n\n\n\n<li><a href=\"https:\/\/ipasma.go.gov.br\/site\/wp-content\/uploads\/2025\/10\/ATA-No09-2025-DE-23-09-2025-COMITE.pdf\">Ata n\u00ba09\/2025 da reuni\u00e3o ordin\u00e1ria do dia 23\/09\/2025<\/a><\/li>\n\n\n\n<li><a href=\"https:\/\/ipasma.go.gov.br\/site\/wp-content\/uploads\/2025\/08\/ATA-No008-2025-COMITE-1.pdf\">Ata n\u00ba08\/2025 da reuni\u00e3o ordin\u00e1ria do dia 21\/08\/2025<\/a><\/li>\n\n\n\n<li><a href=\"https:\/\/ipasma.go.gov.br\/site\/wp-content\/uploads\/2025\/07\/2025-07-22-_JUNHO-2025_assinado.pdf\">Ata n\u00ba07\/2025 da reuni\u00e3o ordin\u00e1ria do dia 22\/07\/2025<\/a><\/li>\n\n\n\n<li><a href=\"https:\/\/ipasma.go.gov.br\/site\/wp-content\/uploads\/2025\/06\/Ata-no006-2025-Comite-24-06-2025.pdf\">Ata n\u00ba06\/2025 da reuni\u00e3o ordin\u00e1ria do dia 24\/06\/2025<\/a><\/li>\n\n\n\n<li><a href=\"https:\/\/ipasma.go.gov.br\/site\/wp-content\/uploads\/2025\/05\/Ata-no005-2025-Comite.pdf\">Ata n\u00ba05\/2025 da reuni\u00e3o ordin\u00e1ria do dia 26\/05\/2025<\/a><\/li>\n\n\n\n<li><a href=\"https:\/\/ipasma.go.gov.br\/site\/wp-content\/uploads\/2025\/04\/Ata-no004-2025-de-23-04-2025-Comite.pdf\">Ata n\u00ba04\/2025 da reuni\u00e3o ordin\u00e1ria do dia 23\/04\/2025<\/a><\/li>\n\n\n\n<li><a href=\"https:\/\/ipasma.go.gov.br\/site\/wp-content\/uploads\/2025\/03\/Ata-Comite-003-2025.pdf\">Ata n\u00ba03\/2025 da reuni\u00e3o ordin\u00e1ria do dia 20\/03\/2025<\/a><\/li>\n\n\n\n<li><a href=\"https:\/\/ipasma.go.gov.br\/site\/wp-content\/uploads\/2025\/02\/Ata-no002-2025-Comite_000097.pdf\">Ata n\u00ba02\/2025 da reuni\u00e3o ordin\u00e1ria do dia 20\/02\/2025<\/a><\/li>\n\n\n\n<li><a href=\"https:\/\/ipasma.go.gov.br\/site\/wp-content\/uploads\/2025\/01\/Ata-no001-2025-Comite.pdf\">Ata n\u00ba01\/2025 da reuni\u00e3o ordin\u00e1ria do dia 15\/01\/2025<\/a><\/li>\n\n\n\n<li><a href=\"https:\/\/ipasma.go.gov.br\/site\/wp-content\/uploads\/2025\/01\/ATA-No012-2024-COMITE-INVESTIMENTOS-_000151.pdf\">Ata n\u00ba12\/2024 da reuni\u00e3o ordin\u00e1ria do dia 18\/12\/2024<\/a><\/li>\n\n\n\n<li><a href=\"https:\/\/ipasma.go.gov.br\/site\/wp-content\/uploads\/2024\/11\/Ata-Comite-19-11-2024.pdf\">Ata n\u00ba11\/2024 da reuni\u00e3o ordin\u00e1ria do dia 19\/11\/2024<\/a><\/li>\n\n\n\n<li><a href=\"https:\/\/ipasma.go.gov.br\/site\/wp-content\/uploads\/2024\/10\/Ata-Comite-23-10-2024.pdf\">Ata n\u00ba10\/2024 da reuni\u00e3o ordin\u00e1ria do dia 23\/10\/2024<\/a><\/li>\n\n\n\n<li><a href=\"https:\/\/ipasma.go.gov.br\/site\/wp-content\/uploads\/2024\/09\/Ata-no009-2024-comite-24-09-2024.pdf\">Ata n\u00ba09\/2024 da reuni\u00e3o ordin\u00e1ria do dia 24\/09\/2024<\/a><\/li>\n\n\n\n<li><a href=\"https:\/\/ipasma.go.gov.br\/site\/wp-content\/uploads\/2024\/08\/Ata-do-Comite-21-08-2024_000051.pdf\">Ata n\u00ba08\/2024 da reuni\u00e3o ordin\u00e1ria do dia 21\/08\/2024<\/a><\/li>\n\n\n\n<li><a href=\"http:\/\/ipasma.go.gov.br\/site\/wp-content\/uploads\/2024\/07\/Ata-no07-Comite-reuniao-dia-24-07-2024.pdf\">Ata n\u00ba07\/2024 da reuni\u00e3o ordin\u00e1ria do dia 24\/07\/2024<\/a><\/li>\n\n\n\n<li><a href=\"http:\/\/ipasma.go.gov.br\/site\/wp-content\/uploads\/2024\/06\/Ata-Comite-19-06-2024.pdf\">Ata n\u00ba06\/2024 da reuni\u00e3o ordin\u00e1ria do dia 19\/06\/2024<\/a><\/li>\n\n\n\n<li><a rel=\"noreferrer noopener\" href=\"http:\/\/ipasma.go.gov.br\/site\/wp-content\/uploads\/2024\/05\/Ata-Comite-005-2024.pdf\" target=\"_blank\">Ata n\u00ba05\/2024 da reuni\u00e3o ordin\u00e1ria do dia 24\/05\/2024<\/a><\/li>\n\n\n\n<li><a href=\"http:\/\/ipasma.go.gov.br\/site\/wp-content\/uploads\/2024\/04\/Ata-004-2024-Comite_001236.pdf\" target=\"_blank\" rel=\"noreferrer noopener\">Ata n\u00ba04\/2024 da reuni\u00e3o ordin\u00e1ria do dia 25\/04\/2024<\/a><\/li>\n\n\n\n<li><a href=\"http:\/\/ipasma.go.gov.br\/site\/wp-content\/uploads\/2024\/03\/Ata-003-2024-Comite-de-Investimentos-21-03-2024.pdf\">Ata n\u00ba03\/2024 da reuni\u00e3o ordin\u00e1ria do dia 21\/03\/2024<\/a><\/li>\n\n\n\n<li><a href=\"http:\/\/ipasma.go.gov.br\/site\/wp-content\/uploads\/2024\/03\/ATA-N02-2024-COMITE-JANEIRO-2024.pdf\" target=\"_blank\" rel=\"noreferrer noopener\">Ata n\u00ba02\/2024 da reuni\u00e3o ordin\u00e1ria do dia 22\/02\/2024<\/a><\/li>\n\n\n\n<li><a rel=\"noreferrer noopener\" href=\"http:\/\/ipasma.go.gov.br\/site\/wp-content\/uploads\/2024\/01\/2024-01-30_-_DEZEMBRO-2023.pdf\" target=\"_blank\">Ata n\u00ba01\/2024 da reuni\u00e3o ordin\u00e1ria do dia 30\/01\/2024<\/a><\/li>\n\n\n\n<li><a rel=\"noreferrer noopener\" href=\"http:\/\/ipasma.go.gov.br\/site\/wp-content\/uploads\/2023\/12\/Ata-no013-2023-Comite.pdf\" target=\"_blank\">Ata n\u00ba13\/2023 da reuni\u00e3o ordin\u00e1ria do dia 15\/12\/2023<\/a><\/li>\n\n\n\n<li><a href=\"http:\/\/ipasma.go.gov.br\/site\/wp-content\/uploads\/2023\/11\/Ata-no012-2023-Comite-de-Investimentos-27-11-2023_000941.pdf\">Ata n\u00ba12\/2023 da reuni\u00e3o ordin\u00e1ria do dia 27\/11\/2023<\/a><\/li>\n\n\n\n<li><a rel=\"noreferrer noopener\" href=\"http:\/\/ipasma.go.gov.br\/site\/wp-content\/uploads\/2023\/10\/Ata-Comite-outubro-2023_000892.pdf\" target=\"_blank\">Ata n\u00ba11\/2023 da reuni\u00e3o ordin\u00e1ria do dia 25\/10\/2023<\/a><\/li>\n\n\n\n<li><a href=\"http:\/\/ipasma.go.gov.br\/site\/wp-content\/uploads\/2023\/09\/ata-n10.pdf\">Ata n\u00ba10\/2023 da reuni\u00e3o ordin\u00e1ria do dia 27\/09\/2023<\/a><\/li>\n\n\n\n<li><a href=\"http:\/\/ipasma.go.gov.br\/site\/wp-content\/uploads\/2023\/09\/Ata-no09-2023-da-reuniao-ordinaria-do-dia-30-08-2023_000816.pdf\">Ata n\u00ba09\/2023 da reuni\u00e3o ordin\u00e1ria do dia 30\/08\/2023<\/a><\/li>\n\n\n\n<li><a rel=\"noreferrer noopener\" aria-label=\"Ata n\u00ba08\/2023 da reuni\u00e3o ordin\u00e1ria do dia 26\/07\/2023 \u2028 (abre em uma nova aba)\" href=\"http:\/\/ipasma.go.gov.br\/site\/wp-content\/uploads\/2023\/07\/ata-08-2023-comite.pdf\" target=\"_blank\">Ata n\u00ba08\/2023 da reuni\u00e3o ordin\u00e1ria do dia 26\/07\/2023<\/a><\/li>\n\n\n\n<li><a rel=\"noreferrer noopener\" aria-label=\"Ata n\u00ba07\/2023 da reuni\u00e3o ordin\u00e1ria do dia 26\/06\/2023 (abre em uma nova aba)\" href=\"http:\/\/ipasma.go.gov.br\/site\/wp-content\/uploads\/2023\/06\/ATA-COMIT\u00ca-REUNI\u00c3O-DIA-26-06-2023._000657.pdf\" target=\"_blank\">Ata n\u00ba07\/2023 da reuni\u00e3o ordin\u00e1ria do dia 26\/06\/2023<\/a> <\/li>\n\n\n\n<li><a href=\"http:\/\/ipasma.go.gov.br\/site\/wp-content\/uploads\/2023\/06\/Ata-Comit\u00ea-31-05-2023._000590.pdf\"><\/a><a href=\"http:\/\/ipasma.go.gov.br\/site\/wp-content\/uploads\/2023\/06\/Ata-Comit\u00ea-31-05-2023._000590.pdf\">Ata n\u00ba06\/2023 da reuni\u00e3o ordin\u00e1ria do dia 31\/05\/2023 <\/a><\/li>\n\n\n\n<li><a href=\"http:\/\/ipasma.go.gov.br\/site\/wp-content\/uploads\/2023\/04\/ATA-N\u00ba005-2023-COMIT\u00ca.pdf\">Ata n\u00ba05\/2023 da reuni\u00e3o ordin\u00e1ria do dia 26\/04\/2023<\/a><\/li>\n\n\n\n<li><a href=\"http:\/\/ipasma.go.gov.br\/site\/wp-content\/uploads\/2023\/03\/Ata-n\u00ba04-2023-Comit\u00ea-de-Investimentos_000454.pdf\">Ata n\u00ba04\/2023 da reuni\u00e3o ordin\u00e1ria do dia 29\/03\/2023 <\/a><\/li>\n\n\n\n<li><a rel=\"noreferrer noopener\" href=\"http:\/\/ipasma.go.gov.br\/site\/wp-content\/uploads\/2023\/02\/ata_03-2023_comite.pdf\" target=\"_blank\">Ata n\u00ba03\/2023 da reuni\u00e3o ordin\u00e1ria do dia 24\/02\/2023<\/a><\/li>\n\n\n\n<li><a rel=\"noreferrer noopener\" aria-label=\"Ata da reuni\u00e3o extraordin\u00e1ria do dia 31-01-2023 (abre em uma nova aba)\" href=\"http:\/\/ipasma.go.gov.br\/site\/wp-content\/uploads\/2023\/01\/ata02-2023-comite.pdf\" target=\"_blank\">Ata n\u00ba02\/2023 da reuni\u00e3o extraordin\u00e1ria do dia 31-01-2023<\/a><\/li>\n\n\n\n<li><a href=\"http:\/\/ipasma.go.gov.br\/site\/wp-content\/uploads\/2023\/01\/Ata-n%C2%BA001-2023-Comit%C3%AA-de-Investimentos_000293.pdf\">Ata n\u00ba01\/2023 da reuni\u00e3o ordin\u00e1ria do dia 26-01-2023<\/a> <\/li>\n\n\n\n<li><a rel=\"noreferrer noopener\" aria-label=\"Ata da reuni\u00e3o ordin\u00e1ria do dia 13-12-2022 (abre em uma nova aba)\" href=\"http:\/\/ipasma.go.gov.br\/site\/wp-content\/uploads\/2022\/12\/ata-comite-13-12-2022.pdf\" target=\"_blank\">Ata da reuni\u00e3o ordin\u00e1ria do dia 13-12-2022<\/a><\/li>\n\n\n\n<li><a href=\"http:\/\/ipasma.go.gov.br\/site\/wp-content\/uploads\/2022\/11\/Ata-Comite-de-Investimentos-Novembro-2022_000165.pdf\">Ata da reuni\u00e3o ordin\u00e1ria do dia 23-11-2022<\/a><\/li>\n\n\n\n<li><a href=\"http:\/\/ipasma.go.gov.br\/site\/wp-content\/uploads\/2022\/11\/Ata-Comite-de-Investimentos-Outubro-2022_000164.pdf\">Ata da reuni\u00e3o ordin\u00e1ria do dia 26-10-2022<\/a><\/li>\n\n\n\n<li><a href=\"http:\/\/ipasma.go.gov.br\/site\/wp-content\/uploads\/2022\/09\/Ata-Comite-28-09-22_000040.pdf\">Ata da reuni\u00e3o ordin\u00e1ria do dia 28-09-2022<\/a><\/li>\n\n\n\n<li><a href=\"http:\/\/ipasma.go.gov.br\/site\/wp-content\/uploads\/2022\/09\/Ata-da-reuni\u00e3o-ordin\u00e1ria-do-dia-24-08-2022.pdf\">Ata da reuni\u00e3o ordin\u00e1ria do dia 24-08-2022<\/a><\/li>\n\n\n\n<li><a href=\"http:\/\/ipasma.go.gov.br\/site\/wp-content\/uploads\/2022\/09\/Ata-da-reuni\u00e3o-Extraordin\u00e1ria-do-dia-04-08-2022-.pdf\">Ata da reuni\u00e3o extraordin\u00e1ria do dia 04-08-2022<\/a><\/li>\n\n\n\n<li><a href=\"http:\/\/ipasma.go.gov.br\/site\/wp-content\/uploads\/2022\/09\/Ata-Comit\u00ea-27-07-22_000006.pdf\">Ata da reuni\u00e3o ordin\u00e1ria do dia 27-07-2022<\/a><\/li>\n\n\n\n<li><a href=\"http:\/\/ipasma.go.gov.br\/site\/wp-content\/uploads\/2022\/09\/Ata-da-reuni\u00e3o-ordin\u00e1ria-do-dia-28-06-2022.pdf\">Ata da reuni\u00e3o ordin\u00e1ria do dia 28-06-2022<\/a><\/li>\n\n\n\n<li><a href=\"http:\/\/ipasma.go.gov.br\/site\/wp-content\/uploads\/2022\/09\/Ata-da-reuni\u00e3o-ordin\u00e1ria-do-dia-25-05-2022.pdf\">Ata da reuni\u00e3o ordin\u00e1ria do dia 25-05-2022<\/a><\/li>\n\n\n\n<li><a href=\"http:\/\/ipasma.go.gov.br\/site\/wp-content\/uploads\/2022\/09\/Ata-da-reuni\u00e3o-ordin\u00e1ria-do-dia-27-04-2022.pdf\">Ata da reuni\u00e3o ordin\u00e1ria do dia 27-04-2022<\/a><\/li>\n\n\n\n<li><a href=\"http:\/\/ipasma.go.gov.br\/site\/wp-content\/uploads\/2022\/09\/Ata-da-reuni\u00e3o-ordin\u00e1ria-do-dia-30-03-2022.pdf\">Ata da reuni\u00e3o ordin\u00e1ria do dia 30-03-2022<\/a><\/li>\n\n\n\n<li><a href=\"http:\/\/ipasma.go.gov.br\/site\/wp-content\/uploads\/2022\/09\/Ata-da-reuni\u00e3o-ordin\u00e1ria-do-dia-23-02-2022.pdf\">Ata da reuni\u00e3o ordin\u00e1ria do dia 23-02-2022<\/a><\/li>\n\n\n\n<li><a href=\"http:\/\/ipasma.go.gov.br\/site\/wp-content\/uploads\/2022\/09\/Ata-da-reuni\u00e3o-ordin\u00e1ria-do-dia-26-01-2022.pdf\">Ata da reuni\u00e3o ordin\u00e1ria do dia 26-01-2022<\/a><\/li>\n\n\n\n<li><a href=\"http:\/\/ipasma.go.gov.br\/site\/wp-content\/uploads\/2021\/12\/ata-n\u00ba15-12-21-comit\u00ea-de-investimentos_000124.pdf\">Ata da reuni\u00e3o ordin\u00e1ria do dia 15-12-2021<\/a><\/li>\n\n\n\n<li><a href=\"http:\/\/ipasma.go.gov.br\/site\/wp-content\/uploads\/2021\/12\/ata-n\u00ba23-11-22-comit\u00ea-de-investimentos_000123.pdf\">Ata da reuni\u00e3o ordin\u00e1ria do dia 23-11-2021<\/a><\/li>\n\n\n\n<li><a href=\"http:\/\/ipasma.go.gov.br\/site\/wp-content\/uploads\/2021\/12\/ata-n\u00ba26-10-22-comit\u00ea-de-investimentos_000122.pdf\">Ata da reuni\u00e3o ordin\u00e1ria do dia 26-10-2021<\/a>   <\/li>\n\n\n\n<li><a href=\"http:\/\/ipasma.go.gov.br\/site\/wp-content\/uploads\/2021\/12\/ata-n\u00ba22-09-21-comit\u00ea-de-investimentos_000121.pdf\">Ata da reuni\u00e3o ordin\u00e1ria do dia 22-09-2021<\/a>  <\/li>\n\n\n\n<li><a href=\"http:\/\/ipasma.go.gov.br\/site\/wp-content\/uploads\/2021\/12\/ata-n\u00ba31-08-21-comit\u00ea-de-investimentos_000120.pdf\">Ata da reuni\u00e3o ordin\u00e1ria do dia 31-08-2021  <\/a><\/li>\n\n\n\n<li><a href=\"http:\/\/ipasma.go.gov.br\/site\/wp-content\/uploads\/2021\/08\/mes-de-junho-2021.pdf\">Ata da reuni\u00e3o ordin\u00e1ria do dia 20-07-2021<\/a><\/li>\n\n\n\n<li><a href=\"http:\/\/ipasma.go.gov.br\/site\/wp-content\/uploads\/2021\/08\/mes-de-maio-2021.pdf\">Ata da reuni\u00e3o ordin\u00e1ria do dia  28-06-2021<\/a><\/li>\n\n\n\n<li><a href=\"http:\/\/ipasma.go.gov.br\/site\/wp-content\/uploads\/2021\/08\/mes-de-abril-2021.pdf\">Ata da reuni\u00e3o ordin\u00e1ria do dia  25-05-2021<\/a><\/li>\n\n\n\n<li><a href=\"http:\/\/ipasma.go.gov.br\/site\/wp-content\/uploads\/2021\/08\/mes-de-mar\u00e7o-2021.pdf\">Ata da reuni\u00e3o ordin\u00e1ria do dia  19-04-2021<\/a><\/li>\n\n\n\n<li><a href=\"http:\/\/ipasma.go.gov.br\/site\/wp-content\/uploads\/2021\/08\/mes-de-fevereiro-2021.pdf\">Ata da reuni\u00e3o ordin\u00e1ria do dia 23-03-2021 <\/a><\/li>\n\n\n\n<li><a rel=\"noreferrer noopener\" aria-label=\"Ata da reuni\u00e3o ordin\u00e1ria do dia 03-03-2021 (abre em uma nova aba)\" href=\"http:\/\/ipasma.go.gov.br\/site\/wp-content\/uploads\/2021\/09\/COMITE-Ata-da-reuni\u00e3o-ordin\u00e1ria-do-dia-03-03-2021.pdf\" target=\"_blank\">Ata da reuni\u00e3o ordin\u00e1ria do dia 03-03-2021<\/a><\/li>\n\n\n\n<li><a aria-label=\" Ata da reuni\u00e3o ordin\u00e1ria do dia 20-01-2021 (abre em uma nova aba)\" href=\"http:\/\/ipasma.go.gov.br\/site\/wp-content\/uploads\/2021\/09\/COMITE-Ata-da-reuni\u00e3o-ordin\u00e1ria-do-dia-20-01-2021.pdf\" target=\"_blank\" rel=\"noreferrer noopener\">Ata da reuni\u00e3o ordin\u00e1ria do dia 20-01-2021<\/a><\/li>\n\n\n\n<li><a href=\"http:\/\/ipasma.go.gov.br\/site\/wp-content\/uploads\/2021\/09\/COMITE-Ata-da-reuni\u00e3o-ordin\u00e1ria-do-dia-16-12-2020..pdf\">Ata da reuni\u00e3o ordin\u00e1ria do dia 16-12-2020<\/a><\/li>\n\n\n\n<li><a href=\"http:\/\/ipasma.go.gov.br\/site\/wp-content\/uploads\/2021\/09\/COMITE-Ata-da-reuni\u00e3o-ordin\u00e1ria-do-dia-24-11-2020.pdf\">Ata da reuni\u00e3o ordin\u00e1ria do dia 24-11-2020<\/a><\/li>\n\n\n\n<li><a href=\"http:\/\/ipasma.go.gov.br\/site\/wp-content\/uploads\/2021\/09\/COMITE-Ata-da-reuni\u00e3o-ordin\u00e1ria-do-dia-20-10-2020.pdf\">Ata da reuni\u00e3o ordin\u00e1ria do dia 20-10-2020<\/a><\/li>\n\n\n\n<li><a href=\"http:\/\/ipasma.go.gov.br\/site\/wp-content\/uploads\/2021\/09\/COMITE-Ata-da-reuni\u00e3o-ordin\u00e1ria-do-dia-22-09-2020..pdf\">Ata da reuni\u00e3o ordin\u00e1ria do dia 22-09-2020<\/a><\/li>\n\n\n\n<li><a href=\"http:\/\/ipasma.go.gov.br\/site\/wp-content\/uploads\/2021\/09\/COMITE-Ata-da-reuni\u00e3o-ordin\u00e1ria-do-dia-25-08-2020..pdf\">Ata da reuni\u00e3o ordin\u00e1ria do dia 25-08-2020<\/a><\/li>\n\n\n\n<li><a href=\"http:\/\/ipasma.go.gov.br\/site\/wp-content\/uploads\/2021\/09\/COMITE-Ata-da-reuni\u00e3o-ordin\u00e1ria-do-dia-21-07-2020.pdf\">Ata da reuni\u00e3o ordin\u00e1ria do dia 21-07-2020<\/a><\/li>\n\n\n\n<li><a href=\"http:\/\/ipasma.go.gov.br\/site\/wp-content\/uploads\/2020\/08\/comite-23-06-2020.pdf\">Ata da reuni\u00e3o ordin\u00e1ria do dia 23-06-2020<\/a><\/li>\n\n\n\n<li><a href=\"http:\/\/ipasma.go.gov.br\/site\/wp-content\/uploads\/2020\/08\/comite-19-05-2020.pdf\">Ata da reuni\u00e3o ordin\u00e1ria do dia 19-05-2020<\/a><\/li>\n\n\n\n<li><a href=\"http:\/\/ipasma.go.gov.br\/site\/wp-content\/uploads\/2020\/08\/comite-05-05-2020.pdf\">Ata da reuni\u00e3o extraordin\u00e1ria do dia 05-05-2020<\/a><\/li>\n\n\n\n<li><a href=\"http:\/\/ipasma.go.gov.br\/site\/wp-content\/uploads\/2020\/08\/comite-28-04-2020.pdf\">Ata da reuni\u00e3o ordin\u00e1ria do dia 28-04-2020<\/a><\/li>\n\n\n\n<li><a href=\"http:\/\/ipasma.go.gov.br\/site\/wp-content\/uploads\/2020\/08\/comite-31-03-2020.pdf\">Ata da reuni\u00e3o ordin\u00e1ria do dia 31-03-2020<\/a><\/li>\n\n\n\n<li><a href=\"http:\/\/ipasma.go.gov.br\/site\/wp-content\/uploads\/2020\/08\/comite-19-02-2020.pdf\">Ata da reuni\u00e3o ordin\u00e1ria do dia 19-02-2020<\/a><\/li>\n\n\n\n<li><a href=\"http:\/\/ipasma.go.gov.br\/site\/wp-content\/uploads\/2020\/08\/comite-21-01-2020.pdf\">Ata da reuni\u00e3o ordin\u00e1ria do dia 21-01-2020<\/a><\/li>\n\n\n\n<li><a href=\"http:\/\/ipasma.go.gov.br\/site\/wp-content\/uploads\/2020\/08\/comite-18-12-2019.pdf\">Ata da reuni\u00e3o ordin\u00e1ria do dia 18-12-2019<\/a><\/li>\n\n\n\n<li><a href=\"http:\/\/ipasma.go.gov.br\/site\/wp-content\/uploads\/2020\/08\/comite-19-11-2019.pdf\">Ata da reuni\u00e3o ordin\u00e1ria do dia 19-11-2019<\/a><\/li>\n\n\n\n<li><a href=\"http:\/\/ipasma.go.gov.br\/site\/wp-content\/uploads\/2020\/08\/comite-22-10-2019.pdf\">Ata da reuni\u00e3o ordin\u00e1ria do dia 22-10-2019<\/a><\/li>\n\n\n\n<li><a href=\"http:\/\/ipasma.go.gov.br\/site\/wp-content\/uploads\/2020\/08\/comite-19-09-2019.pdf\">Ata da reuni\u00e3o ordin\u00e1ria do dia 19-09-2019<\/a><\/li>\n\n\n\n<li><a href=\"http:\/\/ipasma.go.gov.br\/site\/wp-content\/uploads\/2019\/10\/comit%C3%AA-12-09-2019.pdf\">Ata da reuni\u00e3o extraordin\u00e1ria do dia 12-09-2019<\/a><\/li>\n\n\n\n<li><a href=\"http:\/\/ipasma.go.gov.br\/site\/wp-content\/uploads\/2019\/10\/comit%C3%AA-20-08-2019.pdf\">Ata da reuni\u00e3o ordin\u00e1ria do dia 20-08-2019<\/a><\/li>\n\n\n\n<li><a href=\"http:\/\/ipasma.go.gov.br\/site\/wp-content\/uploads\/2019\/10\/comit%C3%AA-23-07-2019.pdf\">Ata da reuni\u00e3o ordin\u00e1ria do dia 23-07-2019<\/a><\/li>\n\n\n\n<li><a href=\"http:\/\/ipasma.go.gov.br\/site\/wp-content\/uploads\/2019\/10\/comit%C3%AA-18-06-2019.pdf\">Ata da reuni\u00e3o ordin\u00e1ria do dia 18-06-2019<\/a><\/li>\n\n\n\n<li><a href=\"http:\/\/ipasma.go.gov.br\/site\/wp-content\/uploads\/2019\/07\/comite-21-05-2019.pdf\">Ata da reuni\u00e3o ordin\u00e1ria do dia 21-05-2019<\/a><\/li>\n\n\n\n<li><a href=\"http:\/\/ipasma.go.gov.br\/site\/wp-content\/uploads\/2019\/05\/comite-investimentos-23-04-2019.pdf\">Ata da reuni\u00e3o ordin\u00e1ria do dia 23-04-2019<\/a><\/li>\n\n\n\n<li><a href=\"http:\/\/ipasma.go.gov.br\/site\/wp-content\/uploads\/2019\/05\/comite-investimentos-19-03-2019.pdf\">Ata da reuni\u00e3o ordin\u00e1ria do dia 19-03-2019<\/a><\/li>\n\n\n\n<li><a href=\"http:\/\/ipasma.go.gov.br\/site\/wp-content\/uploads\/2019\/03\/comite-20-02-2019.pdf\">Ata da reuni\u00e3o ordin\u00e1ria do dia 20-02-2019<\/a><\/li>\n\n\n\n<li><a href=\"http:\/\/ipasma.go.gov.br\/site\/wp-content\/uploads\/2019\/03\/comite-22-01-2019.pdf\">Ata da reuni\u00e3o extraordin\u00e1ria do dia 22-01-2019<\/a><\/li>\n\n\n\n<li><a href=\"http:\/\/ipasma.go.gov.br\/site\/wp-content\/uploads\/2019\/03\/comite-16-01-2019.pdf\">Ata da reuni\u00e3o ordin\u00e1ria do dia 16-01-2019<\/a><\/li>\n\n\n\n<li><a href=\"http:\/\/ipasma.go.gov.br\/site\/wp-content\/uploads\/2019\/03\/comite-18-12-2018.pdf\">Ata da reuni\u00e3o ordin\u00e1ria do dia 18-12-2018<\/a><\/li>\n<\/ul>\n\n\n\n<p><\/p>\n","protected":false},"excerpt":{"rendered":"<p>O Comit\u00ea de investimentos \u00e9 o \u00f3rg\u00e3o respons\u00e1vel pelo assessoramento de investimentos dos recursos do IPASMA, com fun\u00e7\u00f5es tipificadas no art. 92 da Lei n\u00ba1.874\/2018. Atas das Reuni\u00f5es do Comit\u00ea:<\/p>\n","protected":false},"author":1,"featured_media":0,"parent":0,"menu_order":0,"comment_status":"closed","ping_status":"closed","template":"","meta":{"footnotes":""},"_links":{"self":[{"href":"http:\/\/ipasma.go.gov.br\/site\/wp-json\/wp\/v2\/pages\/83"}],"collection":[{"href":"http:\/\/ipasma.go.gov.br\/site\/wp-json\/wp\/v2\/pages"}],"about":[{"href":"http:\/\/ipasma.go.gov.br\/site\/wp-json\/wp\/v2\/types\/page"}],"author":[{"embeddable":true,"href":"http:\/\/ipasma.go.gov.br\/site\/wp-json\/wp\/v2\/users\/1"}],"replies":[{"embeddable":true,"href":"http:\/\/ipasma.go.gov.br\/site\/wp-json\/wp\/v2\/comments?post=83"}],"version-history":[{"count":87,"href":"http:\/\/ipasma.go.gov.br\/site\/wp-json\/wp\/v2\/pages\/83\/revisions"}],"predecessor-version":[{"id":2315,"href":"http:\/\/ipasma.go.gov.br\/site\/wp-json\/wp\/v2\/pages\/83\/revisions\/2315"}],"wp:attachment":[{"href":"http:\/\/ipasma.go.gov.br\/site\/wp-json\/wp\/v2\/media?parent=83"}],"curies":[{"name":"wp","href":"https:\/\/api.w.org\/{rel}","templated":true}]}}