{"id":88,"date":"2019-01-20T22:50:16","date_gmt":"2019-01-21T00:50:16","guid":{"rendered":"http:\/\/ipasma.go.gov.br\/site\/?page_id=88"},"modified":"2025-04-10T10:32:07","modified_gmt":"2025-04-10T13:32:07","slug":"contato","status":"publish","type":"page","link":"http:\/\/ipasma.go.gov.br\/site\/contato\/","title":{"rendered":"Contato"},"content":{"rendered":"\n<h4 class=\"wp-block-heading\">Utilize as formas de contato abaixo para pedido de informa\u00e7\u00f5es, envio de cr\u00edticas e\/ou sugest\u00f5es:<\/h4>\n\n\n\n<p>Email: ipasma@ipasma.go.gov.br<\/p>\n\n\n\n<p>Telefone: (64) 99911-7753<\/p>\n\n\n\n<h4 class=\"wp-block-heading\">Hor\u00e1rio de funcionamento:<\/h4>\n\n\n\n<p>Segunda \u00e0 sexta-feira, das 8h \u00e0s 11h30min e das 13h30min \u00e0s 17h.<\/p>\n\n\n\n<h4 class=\"wp-block-heading\">Onde estamos:<\/h4>\n\n\n\n<p>Av. Corumb\u00e1, Qd. 63-C, Lotes 1 e 2 &#8211; Centro. Acre\u00fana &#8211; Goi\u00e1s.&nbsp;CEP&nbsp;75960-000<\/p>\n\n\n\n<iframe loading=\"lazy\" src=\"https:\/\/www.google.com\/maps\/embed?pb=!1m18!1m12!1m3!1d3807.3645988405992!2d-50.378850285123704!3d-17.394281888074474!2m3!1f0!2f0!3f0!3m2!1i1024!2i768!4f13.1!3m3!1m2!1s0x9360438b1cc39f6b%3A0x9867215f9bfdd80a!2sIPASMA+-+Instituto+de+Previd%C3%AAncia+e+Assist%C3%AAncia+dos+Servidores+do+Munic%C3%ADpio+de+Acre%C3%BAna!5e0!3m2!1spt-BR!2sbr!4v1548607490799\" width=\"600\" height=\"450\" frameborder=\"0\" style=\"border:0\" allowfullscreen=\"\"><\/iframe>\n\n\n\n<hr class=\"wp-block-separator has-css-opacity\"\/>\n","protected":false},"excerpt":{"rendered":"<p>Utilize as formas de contato abaixo para pedido de informa\u00e7\u00f5es, envio de cr\u00edticas e\/ou sugest\u00f5es: Email: ipasma@ipasma.go.gov.br Telefone: (64) 99911-7753 Hor\u00e1rio de funcionamento: Segunda \u00e0 sexta-feira, das 8h \u00e0s 11h30min e das 13h30min \u00e0s 17h. Onde estamos: Av. Corumb\u00e1, Qd. 63-C, Lotes 1 e 2 &#8211; Centro. Acre\u00fana &#8211; Goi\u00e1s.&nbsp;CEP&nbsp;75960-000<\/p>\n","protected":false},"author":1,"featured_media":0,"parent":0,"menu_order":0,"comment_status":"closed","ping_status":"closed","template":"","meta":{"footnotes":""},"_links":{"self":[{"href":"http:\/\/ipasma.go.gov.br\/site\/wp-json\/wp\/v2\/pages\/88"}],"collection":[{"href":"http:\/\/ipasma.go.gov.br\/site\/wp-json\/wp\/v2\/pages"}],"about":[{"href":"http:\/\/ipasma.go.gov.br\/site\/wp-json\/wp\/v2\/types\/page"}],"author":[{"embeddable":true,"href":"http:\/\/ipasma.go.gov.br\/site\/wp-json\/wp\/v2\/users\/1"}],"replies":[{"embeddable":true,"href":"http:\/\/ipasma.go.gov.br\/site\/wp-json\/wp\/v2\/comments?post=88"}],"version-history":[{"count":8,"href":"http:\/\/ipasma.go.gov.br\/site\/wp-json\/wp\/v2\/pages\/88\/revisions"}],"predecessor-version":[{"id":2180,"href":"http:\/\/ipasma.go.gov.br\/site\/wp-json\/wp\/v2\/pages\/88\/revisions\/2180"}],"wp:attachment":[{"href":"http:\/\/ipasma.go.gov.br\/site\/wp-json\/wp\/v2\/media?parent=88"}],"curies":[{"name":"wp","href":"https:\/\/api.w.org\/{rel}","templated":true}]}}